{"id":1392,"date":"2023-10-24T05:52:00","date_gmt":"2023-10-24T05:52:00","guid":{"rendered":"http:\/\/hollbras.com.br\/home-es\/"},"modified":"2024-03-22T19:24:46","modified_gmt":"2024-03-22T19:24:46","slug":"home-es","status":"publish","type":"page","link":"http:\/\/hollbras.com.br\/es\/","title":{"rendered":"Home Es"},"content":{"rendered":"<div id=\"cs-content\" class=\"cs-content\"><div class=\"x-bar x-bar-content x-bar-h x-bar-relative e1392-e1 m12o-0 m12o-1\" data-x-bar=\"{&quot;id&quot;:&quot;e1392-e1&quot;,&quot;region&quot;:&quot;content&quot;,&quot;height&quot;:&quot;70vh&quot;}\"><div class=\"x-bg\" aria-hidden=\"true\"><div class=\"x-bg-layer-lower-image\" data-x-element-bg-layer=\"{&quot;parallaxSize&quot;:&quot;150%&quot;,&quot;parallaxDir&quot;:&quot;v&quot;,&quot;parallaxRev&quot;:false}\"><\/div><\/div><div class=\"e1392-e1 x-bar-content x-container max width\"><div class=\"x-bar-container e1392-e2 m12o-6\"><section class=\"x-grid x-container max width e1392-e3 m12o-7\"><div class=\"x-cell e1392-e4 m12o-8 m12o-9 m12o-a\"><div class=\"x-text x-text-headline e1392-e5 m12o-e m12o-f\"><div class=\"x-text-content\"><div class=\"x-text-content-text\"><h1 class=\"x-text-content-text-primary\">Hollbras es Filtraci&oacute;n Industrial<\/h1>\n<h2 class=\"x-text-content-text-subheadline\">La filtraci&oacute;n no tiene por qu&eacute; ser complicada.<\/h2><\/div><\/div><\/div><\/div><div class=\"x-cell e1392-e6 m12o-8 m12o-a m12o-b m12o-c\"><a class=\"x-anchor x-anchor-button e1392-e7 m12o-l m12o-m m12o-n m12o-2 m12o-3 m12o-4 x-effect-exit\" tabindex=\"0\" href=\"https:\/\/hollbras.com.br\/es\/productos-es\/\" data-x-effect=\"{&quot;durationBase&quot;:&quot;300ms&quot;,&quot;scroll&quot;:true,&quot;offsetTop&quot;:&quot;10%&quot;,&quot;offsetBottom&quot;:&quot;10%&quot;,&quot;behaviorScroll&quot;:&quot;fire-once&quot;}\"><div class=\"x-anchor-content\"><div class=\"x-anchor-text\"><span class=\"x-anchor-text-primary\">Filtros<\/span><\/div><\/div><\/a><\/div><div class=\"x-cell e1392-e8 m12o-a m12o-c m12o-d\"><a class=\"x-anchor x-anchor-button e1392-e9 m12o-l m12o-m m12o-o m12o-2 m12o-4 m12o-5 x-effect-exit\" tabindex=\"0\" href=\"https:\/\/hollbras.com.br\/es\/industrias-es\/\" data-x-effect=\"{&quot;durationBase&quot;:&quot;300ms&quot;,&quot;scroll&quot;:true,&quot;offsetTop&quot;:&quot;10%&quot;,&quot;offsetBottom&quot;:&quot;10%&quot;,&quot;behaviorScroll&quot;:&quot;fire-once&quot;}\"><div class=\"x-anchor-content\"><div class=\"x-anchor-text\"><span class=\"x-anchor-text-primary\">Industrias<\/span><\/div><\/div><\/a><\/div><\/section><\/div><\/div><\/div><div class=\"x-section x-hide-lg x-hide-xl e1392-e10 m12o-q\"><div class=\"x-row x-container max width e1392-e11 m12o-r m12o-s m12o-u m12o-v\"><div class=\"x-row-inner\"><section class=\"x-col e1392-e12 m12o-y m12o-z\"><span class=\"x-image e1392-e13 m12o-11 m12o-12\"><img decoding=\"async\" src=\"http:\/\/hollbras.com.br\/wp-content\/uploads\/2023\/03\/Areas-de-Atuzcao.jpg\" width=\"1224\" height=\"816\" alt=\"Aperto de M\u00e3o\"><\/span><div class=\"x-text x-text-headline e1392-e14 m12o-e m12o-g m12o-h m12o-i\"><div class=\"x-text-content\"><div class=\"x-text-content-text\"><h2 class=\"x-text-content-text-primary\"><strong>Asistencia T&eacute;cnica<\/strong><\/h2>\n<h3 class=\"x-text-content-text-subheadline\">&iquest;C&Oacute;MO PODEMOS AYUDARTE?<\/h3><\/div><\/div><\/div><div class=\"x-text x-content e1392-e15 m12o-13\"><p>La asistencia t&eacute;cnica local es uno de los principales diferenciales de Hollbras. Nuestros ingenieros est&aacute;n a su disposici&oacute;n para ayudarle a elegir y utilizar correctamente nuestros filtros, mediante:<\/p>\n<ul>\n<li>Asistencia t&eacute;cnica para determinar la soluci&oacute;n de filtraci&oacute;n m&aacute;s adecuada a sus necesidades.<\/li>\n<li>T&eacute;cnicos y una estructura especializada para realizar pruebas de filtraci&oacute;n. Los resultados se utilizan como par&aacute;metros para calcular el modelo de filtro correcto que debe aplicarse y sus condiciones de funcionamiento.<\/li>\n<li>Asistencia t&eacute;cnica en el montaje y la puesta en servicio de filtros.<\/li>\n<li>Formaci&oacute;n de operadores.<\/li>\n<li>Visitas t&eacute;cnicas peri&oacute;dicas para inspeccionar los filtros.<\/li>\n<\/ul><\/div><div class=\"x-div e1392-e16 m12o-15\"><a class=\"x-anchor x-anchor-button e1392-e17 m12o-m m12o-p m12o-4\" tabindex=\"0\" href=\"https:\/\/hollbras.com.br\/es\/servicios-es\/\" data-x-effect=\"{&quot;durationBase&quot;:&quot;300ms&quot;}\"><div class=\"x-anchor-content\"><div class=\"x-anchor-text\"><span class=\"x-anchor-text-primary\">Aprende m&aacute;s<\/span><\/div><\/div><\/a><\/div><\/section><section class=\"x-col e1392-e18 m12o-y m12o-z\"><span class=\"x-image e1392-e19 m12o-11 m12o-12\"><img decoding=\"async\" src=\"http:\/\/hollbras.com.br\/wp-content\/uploads\/2023\/03\/Home-Filter.jpg\" width=\"1225\" height=\"816\" alt=\"Aperto de M\u00e3o\"><\/span><div class=\"x-text x-text-headline e1392-e20 m12o-e m12o-g m12o-h m12o-i\"><div class=\"x-text-content\"><div class=\"x-text-content-text\"><h2 class=\"x-text-content-text-primary\"><strong>Sistemas de Filtraci&oacute;n<\/strong><\/h2>\n<h3 class=\"x-text-content-text-subheadline\">&iquest;C&Oacute;MO PODEMOS AYUDARTE?<\/h3><\/div><\/div><\/div><div class=\"x-text x-content e1392-e21 m12o-13\"><p>La filtraci&oacute;n industrial es crucial en muchas industrias. Elegir el sistema de filtraci&oacute;n adecuado puede tener un impacto significativo en la eficacia y el rendimiento de los procesos de producci&oacute;n. Hollbras ofrece m&aacute;s de 30 a&ntilde;os de experiencia en filtraci&oacute;n de l&iacute;quidos. Suministramos equipos modernos, robustos, eficaces que cumplen todas las normas equisitos t&eacute;cnicos y legales.<\/p>\n<p>Algunas de las ventajas de los filtros Hollbras:<\/p>\n<ul>\n<li>Reducci&oacute;n de los costos operativos,<\/li>\n<li>Menor consumo de agua y energ&iacute;a,<\/li>\n<li>Eliminaci&oacute;n de riesgos medioambientales,<\/li>\n<li>Menor requerimiento u ocupaci&oacute;n de espacio,<\/li>\n<li>Mejora de la calidad de los productos filtrados,<\/li>\n<li>Menores costos de mantenimiento,<\/li>\n<li>Posibilidad de automatizar los procesos de filtraci&oacute;n,<\/li>\n<li>Mayor seguridad para los operadores.<\/li>\n<\/ul><\/div><div class=\"x-div e1392-e22 m12o-15\"><a class=\"x-anchor x-anchor-button e1392-e23 m12o-m m12o-p m12o-4\" tabindex=\"0\" href=\"https:\/\/hollbras.com.br\/es\/productos-es\/\" data-x-effect=\"{&quot;durationBase&quot;:&quot;300ms&quot;}\"><div class=\"x-anchor-content\"><div class=\"x-anchor-text\"><span class=\"x-anchor-text-primary\">Aprende m&aacute;s<\/span><\/div><\/div><\/a><\/div><\/section><section class=\"x-col e1392-e24 m12o-y m12o-z\"><span class=\"x-image e1392-e25 m12o-11 m12o-12\"><img decoding=\"async\" src=\"http:\/\/hollbras.com.br\/wp-content\/uploads\/2023\/03\/Home-Assistencia.jpg\" width=\"1225\" height=\"816\" alt=\"Aperto de M\u00e3o\"><\/span><div class=\"x-text x-text-headline e1392-e26 m12o-e m12o-g m12o-h m12o-i\"><div class=\"x-text-content\"><div class=\"x-text-content-text\"><h2 class=\"x-text-content-text-primary\"><strong>Reparaci&oacute;n de placas<\/strong><\/h2>\n<h3 class=\"x-text-content-text-subheadline\">&iquest;C&Oacute;MO PODEMOS AYUDARTE?<\/h3><\/div><\/div><\/div><div class=\"x-div e1392-e27 m12o-15\"><div class=\"x-text x-content e1392-e28 m12o-13\"><p>Hollbras cuenta con un equipo especializado en la evaluaci&oacute;n y reparaci&oacute;n de placas filtrantes da&ntilde;adas, ya sean producidas por nosotros o por otros fabricantes. El proceso de reforma se divide en dos partes:<\/p>\n<ul>\n<li>An&aacute;lisis de los tableros recibidos y presentaci&oacute;n de un informe y un presupuesto al cliente.<\/li>\n<li>Si se aprueba el reacondicionamiento, los tableros se someter&aacute;n a un proceso de limpieza qu&iacute;mica, sustituci&oacute;n de los elementos da&ntilde;ados y nuevo montaje. Los par&aacute;metros de filtraci&oacute;n de las placas reparadas por Hollbras son id&eacute;nticos a los de las placas nuevas. Disponemos de una amplia gama de mallas de filtraci&oacute;n para satisfacer todas sus necesidades de filtraci&oacute;n.<\/li>\n<\/ul>\n<p>A continuaci&oacute;n, encontrar&aacute; algunos ejemplos de las mallas filtrantes que ofrecemos:<\/p>\n<ul>\n<li>MESH 60 en AISI 316L<\/li>\n<li>24x110 en AISI 316L o AISI 904L<\/li>\n<li>PZ80 en AISI 316L o AISI 904L<\/li>\n<li>KPZ55 en AISI 316L<\/li>\n<li>PZ25 en AISI 316L<\/li>\n<\/ul><\/div><a class=\"x-anchor x-anchor-button e1392-e29 m12o-m m12o-p m12o-4\" tabindex=\"0\" href=\"https:\/\/hollbras.com.br\/es\/productos-es\/elementos-filtrantes-es\/\" data-x-effect=\"{&quot;durationBase&quot;:&quot;300ms&quot;}\"><div class=\"x-anchor-content\"><div class=\"x-anchor-text\"><span class=\"x-anchor-text-primary\">Aprende m&aacute;s<\/span><\/div><\/div><\/a><\/div><\/section><\/div><\/div><\/div><div class=\"x-section x-hide-md x-hide-sm x-hide-xs e1392-e30 m12o-q\"><div class=\"x-row x-container max width e1392-e31 m12o-r m12o-t m12o-u m12o-w\"><div class=\"x-row-inner\"><section class=\"x-col e1392-e32 m12o-y m12o-z\"><span class=\"x-image e1392-e33 m12o-11\"><img decoding=\"async\" src=\"http:\/\/hollbras.com.br\/wp-content\/uploads\/2023\/03\/Areas-de-Atuzcao.jpg\" width=\"1224\" height=\"816\" alt=\"Engineer industry worker work help together training new young employee teamwork in metal factory\"><\/span><div class=\"x-text x-text-headline e1392-e34 m12o-e m12o-g m12o-j\"><div class=\"x-text-content\"><div class=\"x-text-content-text\"><h2 class=\"x-text-content-text-primary\"><strong>Asistencia T&eacute;cnica<\/strong><\/h2>\n<h3 class=\"x-text-content-text-subheadline\">\u00bfC\u00d3MO PODEMOS AYUDARTE?<\/h3><\/div><\/div><\/div><\/section><section class=\"x-col e1392-e35 m12o-y m12o-z\"><span class=\"x-image e1392-e36 m12o-11\"><img decoding=\"async\" src=\"http:\/\/hollbras.com.br\/wp-content\/uploads\/2023\/03\/Home-Filter.jpg\" width=\"1225\" height=\"816\" alt=\"Hollbras Horizontal Filter in the client&#039;s plant\"><\/span><div class=\"x-text x-text-headline e1392-e37 m12o-e m12o-g m12o-j\"><div class=\"x-text-content\"><div class=\"x-text-content-text\"><h2 class=\"x-text-content-text-primary\"><strong>Sistemas de Filtraci&oacute;n<\/strong><\/h2>\n<h3 class=\"x-text-content-text-subheadline\">&iquest;C&Oacute;MO PODEMOS AYUDARTE?<\/h3><\/div><\/div><\/div><\/section><section class=\"x-col e1392-e38 m12o-y m12o-z\"><span class=\"x-image e1392-e39 m12o-11\"><img decoding=\"async\" src=\"http:\/\/hollbras.com.br\/wp-content\/uploads\/2023\/03\/Home-Assistencia.jpg\" width=\"612\" height=\"408\" alt=\"A circular saw cutting through metal\"><\/span><div class=\"x-text x-text-headline e1392-e40 m12o-e m12o-g m12o-i m12o-k\"><div class=\"x-text-content\"><div class=\"x-text-content-text\"><h2 class=\"x-text-content-text-primary\"><strong>Reparaci&oacute;n de placas<\/strong><\/h2>\n<h3 class=\"x-text-content-text-subheadline\">&iquest;C&Oacute;MO PODEMOS AYUDARTE?<\/h3><\/div><\/div><\/div><\/section><\/div><\/div><div class=\"x-row x-container max width e1392-e41 m12o-r m12o-t m12o-u m12o-x\"><div class=\"x-row-inner\"><section class=\"x-col e1392-e42 m12o-y m12o-10\"><div class=\"x-text x-content e1392-e43 m12o-13 m12o-14\"><p>La asistencia t\u00e9cnica local es uno de los principales diferenciales de Hollbras. Nuestros ingenieros est\u00e1n a su disposici\u00f3n para ayudarle a elegir y utilizar correctamente nuestros filtros, mediante:<\/p>\n\n<ul>\n \t<li>Asistencia t\u00e9cnica para determinar la soluci\u00f3n de filtraci\u00f3n m\u00e1s adecuada a sus necesidades.<\/li>\n \t<li>T\u00e9cnicos y una estructura especializada para realizar pruebas de filtraci\u00f3n. Los resultados se utilizan como par\u00e1metros para calcular el modelo de filtro correcto que debe aplicarse y sus condiciones de funcionamiento.<\/li>\n \t<li>Asistencia t\u00e9cnica en el montaje y la puesta en servicio de filtros.<\/li>\n \t<li>Formaci\u00f3n de operadores.<\/li>\n \t<li>Visitas t\u00e9cnicas peri\u00f3dicas para inspeccionar los filtros.<\/li>\n<\/ul><\/div><a class=\"x-anchor x-anchor-button e1392-e44 m12o-m m12o-p m12o-4\" tabindex=\"0\" href=\"https:\/\/hollbras.com.br\/es\/servicios-es\/\" data-x-effect=\"{&quot;durationBase&quot;:&quot;300ms&quot;}\"><div class=\"x-anchor-content\"><div class=\"x-anchor-text\"><span class=\"x-anchor-text-primary\">Aprende m&aacute;s<\/span><\/div><\/div><\/a><\/section><section class=\"x-col e1392-e45 m12o-y m12o-10\"><div class=\"x-text x-content e1392-e46 m12o-13 m12o-14\"><p>La filtraci\u00f3n industrial es crucial en muchas industrias. Elegir el sistema de filtraci\u00f3n adecuado puede tener un impacto significativo en la eficacia y el rendimiento de los procesos de producci\u00f3n. Hollbras ofrece m\u00e1s de 30 a\u00f1os de experiencia en filtraci\u00f3n de l\u00edquidos. Suministramos equipos modernos, robustos, eficaces que cumplen todas las normas equisitos t\u00e9cnicos y legales.<\/p>\n<p>Algunas de las ventajas de los filtros Hollbras:<\/p>\n\n<ul>\n \t<li>Reducci\u00f3n de los costos operativos,<\/li>\n \t<li>Menor consumo de agua y energ\u00eda,<\/li>\n \t<li>Eliminaci\u00f3n de riesgos medioambientales,<\/li>\n \t<li>Menor requerimiento u ocupaci\u00f3n de espacio,<\/li>\n \t<li>Mejora de la calidad de los productos filtrados,<\/li>\n \t<li>Menores costos de mantenimiento,<\/li>\n \t<li>Posibilidad de automatizar los procesos de filtraci\u00f3n,<\/li>\n \t<li>Mayor seguridad para los operadores.<\/li>\n<\/ul><\/div><a class=\"x-anchor x-anchor-button e1392-e47 m12o-m m12o-p m12o-4\" tabindex=\"0\" href=\"https:\/\/hollbras.com.br\/es\/productos-es\/\" data-x-effect=\"{&quot;durationBase&quot;:&quot;300ms&quot;}\"><div class=\"x-anchor-content\"><div class=\"x-anchor-text\"><span class=\"x-anchor-text-primary\">Aprende m&aacute;s<\/span><\/div><\/div><\/a><\/section><section class=\"x-col e1392-e48 m12o-y m12o-10\"><div class=\"x-text x-content e1392-e49 m12o-13\"><p>Hollbras cuenta con un equipo especializado en la evaluaci&oacute;n y reparaci&oacute;n de placas filtrantes da&ntilde;adas, ya sean producidas por nosotros o por otros fabricantes. El proceso de reforma se divide en dos partes:<\/p>\n<ul>\n<li>An&aacute;lisis de los tableros recibidos y presentaci&oacute;n de un informe y un presupuesto al cliente.<\/li>\n<li>Si se aprueba el reacondicionamiento, los tableros se someter&aacute;n a un proceso de limpieza qu&iacute;mica, sustituci&oacute;n de los elementos da&ntilde;ados y nuevo montaje. Los par&aacute;metros de filtraci&oacute;n de las placas reparadas por Hollbras son id&eacute;nticos a los de las placas nuevas. Disponemos de una amplia gama de mallas de filtraci&oacute;n para satisfacer todas sus necesidades de filtraci&oacute;n.<\/li>\n<\/ul>\n<p>A continuaci&oacute;n, encontrar&aacute; algunos ejemplos de las mallas filtrantes que ofrecemos:<\/p>\n<ul>\n<li>MESH 60 en AISI 316L<\/li>\n<li>24x110 en AISI 316L o AISI 904L<\/li>\n<li>PZ80 en AISI 316L o AISI 904L<\/li>\n<li>KPZ55 en AISI 316L<\/li>\n<li>PZ25 en AISI 316L<\/li>\n<\/ul><\/div><a class=\"x-anchor x-anchor-button e1392-e50 m12o-m m12o-p m12o-4\" tabindex=\"0\" href=\"https:\/\/hollbras.com.br\/es\/productos-es\/elementos-filtrantes-es\/\" data-x-effect=\"{&quot;durationBase&quot;:&quot;300ms&quot;}\"><div class=\"x-anchor-content\"><div class=\"x-anchor-text\"><span class=\"x-anchor-text-primary\">Aprende m&aacute;s<\/span><\/div><\/div><\/a><\/section><\/div><\/div><\/div><\/div>\n","protected":false},"excerpt":{"rendered":"<p>Hollbras es Filtraci&oacute;n Industrial La filtraci&oacute;n no tiene por qu&eacute; ser complicada.FiltrosIndustriasAsistencia T&eacute;cnica &iquest;C&Oacute;MO PODEMOS AYUDARTE?La asistencia t&eacute;cnica local es uno de los principales diferenciales de Hollbras. Nuestros ingenieros est&aacute;n a su disposici&oacute;n para ayudarle a elegir y utilizar correctamente nuestros filtros, mediante: Asistencia t&eacute;cnica para determinar la soluci&oacute;n de filtraci&oacute;n m&aacute;s adecuada a sus necesidades. T&eacute;cnicos y una estructura especializada para realizar pruebas de filtraci&oacute;n. Los resultados se utilizan como par&aacute;metros para calcular el modelo de filtro correcto que debe aplicarse y sus condiciones de funcionamiento. Asistencia t&eacute;cnica en el montaje y la puesta en servicio de filtros. Formaci&oacute;n de operadores. Visitas t&eacute;cnicas peri&oacute;dicas para inspeccionar los filtros. Aprende m&aacute;sSistemas de Filtraci&oacute;n &iquest;C&Oacute;MO PODEMOS AYUDARTE?La filtraci&oacute;n industrial es crucial &#8230; <\/p>\n<div><a href=\"http:\/\/hollbras.com.br\/es\/\" class=\"more-link\">Read More<\/a><\/div>\n","protected":false},"author":1,"featured_media":0,"parent":0,"menu_order":0,"comment_status":"closed","ping_status":"closed","template":"template-blank-4.php","meta":{"footnotes":""},"class_list":["post-1392","page","type-page","status-publish","hentry","no-post-thumbnail"],"_links":{"self":[{"href":"http:\/\/hollbras.com.br\/es\/wp-json\/wp\/v2\/pages\/1392","targetHints":{"allow":["GET"]}}],"collection":[{"href":"http:\/\/hollbras.com.br\/es\/wp-json\/wp\/v2\/pages"}],"about":[{"href":"http:\/\/hollbras.com.br\/es\/wp-json\/wp\/v2\/types\/page"}],"author":[{"embeddable":true,"href":"http:\/\/hollbras.com.br\/es\/wp-json\/wp\/v2\/users\/1"}],"replies":[{"embeddable":true,"href":"http:\/\/hollbras.com.br\/es\/wp-json\/wp\/v2\/comments?post=1392"}],"version-history":[{"count":0,"href":"http:\/\/hollbras.com.br\/es\/wp-json\/wp\/v2\/pages\/1392\/revisions"}],"wp:attachment":[{"href":"http:\/\/hollbras.com.br\/es\/wp-json\/wp\/v2\/media?parent=1392"}],"curies":[{"name":"wp","href":"https:\/\/api.w.org\/{rel}","templated":true}]}}