{"id":1446,"date":"2023-03-08T15:27:41","date_gmt":"2023-03-08T15:27:41","guid":{"rendered":"http:\/\/hollbras.com.br\/industrias-espanhol\/"},"modified":"2024-03-25T18:16:03","modified_gmt":"2024-03-25T18:16:03","slug":"industrias-es","status":"publish","type":"page","link":"http:\/\/hollbras.com.br\/es\/industrias-es\/","title":{"rendered":"Industrias"},"content":{"rendered":"<div id=\"cs-content\" class=\"cs-content\"><section class=\"x-section e1446-e1 m146-0 m146-1 m146-2 m146-3\"><div class=\"x-row e1446-e2 m146-9 m146-a m146-b m146-e m146-f\"><div class=\"x-row-inner\"><div class=\"x-col e1446-e3 m146-l m146-m\"><div class=\"x-frame x-frame-video-player e1446-e4 m146-u m146-v\"><div class=\"x-frame-inner\"><div class=\"x-video x-video-player hide-controls autoplay loop muted\" data-x-element-mejs=\"{&quot;poster&quot;:&quot;&quot;,&quot;options&quot;:{&quot;pause_out_of_view&quot;:false}}\"><video class=\"x-mejs\" poster=\"\" preload=\"metadata\" options=\"\" loop=\"\" muted=\"\"><source src=\"https:\/\/hollbras.com.br\/wp-content\/uploads\/2023\/03\/plant-supervisor-and-employee-talking-in-assembly-2022-08-05-00-44-46-utc-1.mp4\" type=\"video\/mp4\"><\/video><\/div><\/div><\/div><\/div><\/div><\/div><\/section><section class=\"x-section e1446-e5 m146-0 m146-1 m146-4\"><div class=\"x-row e1446-e6 m146-9 m146-a m146-b m146-e m146-g\"><div class=\"x-row-inner\"><div class=\"x-col e1446-e7 m146-l m146-m m146-n m146-o\"><div class=\"x-div e1446-e8 m146-w\"><div class=\"x-text x-text-headline e1446-e9 m146-x m146-y m146-z\"><div class=\"x-text-content\"><div class=\"x-text-content-text\"><h1 class=\"x-text-content-text-primary\">Industrias<\/h1>\n<\/div><\/div><\/div><div class=\"x-text x-content e1446-e10 m146-15 m146-16\"><p style=\"text-align: left;\">Disponemos de una <span style=\"color: #ff6600;\"><a href=\"https:\/\/hollbras.com.br\/es\/productos-es\/\" style=\"color: #ff6600;\"><strong>amplia gama de productos <\/strong><\/a><\/span>para satisfacer las necesidades de diferentes industrias y procesos de filtraci\u00f3n. Nos centramos en ofrecer soluciones de filtraci\u00f3n s\u00f3lidas para mejorar la calidad de los productos filtrados y reducir los costes de mantenimiento y funcionamiento.<\/p><\/div><\/div><\/div><\/div><\/div><\/section><section class=\"x-section x-hide-md x-hide-sm x-hide-xs e1446-e11 m146-1 m146-3 m146-5 m146-6\"><div class=\"x-row e1446-e12 m146-9 m146-b m146-c m146-e m146-h\"><div class=\"x-row-inner\"><div class=\"x-col e1446-e13 m146-l m146-m m146-p\"><div class=\"x-row x-container max width e1446-e14 m146-9 m146-a m146-b m146-e m146-i\"><div class=\"x-row-inner\"><section class=\"x-col e1446-e15 m146-l m146-m m146-q\"><span class=\"x-image e1446-e16 m146-18\"><img decoding=\"async\" src=\"http:\/\/hollbras.com.br\/wp-content\/uploads\/2023\/03\/food-industry.jpg\" width=\"1224\" height=\"816\" alt=\"Aperto de M\u00e3o\"><\/span><div class=\"x-text x-text-headline e1446-e17 m146-y m146-10 m146-11 m146-12\"><div class=\"x-text-content\"><div class=\"x-text-content-text\"><h2 class=\"x-text-content-text-primary\"><strong>Alimentaci&oacute;n<\/strong><\/h2>\n<h3 class=\"x-text-content-text-subheadline\">INDUSTRIA ALIMENTARIA<\/h3><\/div><\/div><\/div><\/section><section class=\"x-col e1446-e18 m146-l m146-m m146-q\"><span class=\"x-image e1446-e19 m146-18\"><img decoding=\"async\" src=\"http:\/\/hollbras.com.br\/wp-content\/uploads\/2023\/03\/mining-industry.jpg\" width=\"1224\" height=\"816\" alt=\"Aperto de M\u00e3o\"><\/span><div class=\"x-text x-text-headline e1446-e20 m146-y m146-10 m146-11 m146-13\"><div class=\"x-text-content\"><div class=\"x-text-content-text\"><h2 class=\"x-text-content-text-primary\">Miner&iacute;a<\/h2>\n<h3 class=\"x-text-content-text-subheadline\">INDUSTRIA MINERA<\/h3><\/div><\/div><\/div><\/section><section class=\"x-col e1446-e21 m146-l m146-m m146-q\"><span class=\"x-image e1446-e22 m146-18\"><img decoding=\"async\" src=\"http:\/\/hollbras.com.br\/wp-content\/uploads\/2023\/03\/chemistry.jpg\" width=\"1224\" height=\"816\" alt=\"Aperto de M\u00e3o\"><\/span><div class=\"x-text x-text-headline e1446-e23 m146-y m146-10 m146-11 m146-13\"><div class=\"x-text-content\"><div class=\"x-text-content-text\"><h2 class=\"x-text-content-text-primary\">Qu&iacute;mica<\/h2>\n<h3 class=\"x-text-content-text-subheadline\">IndUstria QU&iacute;mica<\/h3><\/div><\/div><\/div><\/section><\/div><\/div><div class=\"x-row x-container max width e1446-e24 m146-9 m146-a m146-b m146-e m146-j\"><div class=\"x-row-inner\"><section class=\"x-col e1446-e25 m146-l m146-n m146-q m146-r m146-s\"><div class=\"x-text x-content e1446-e26 m146-15 m146-17\"><p>La industria alimentaria se encarga de la producci&oacute;n, transformaci&oacute;n y distribuci&oacute;n de alimentos y bebidas. Desempe&ntilde;a un papel fundamental en la seguridad alimentaria y en la satisfacci&oacute;n de las necesidades nutricionales de la poblaci&oacute;n y es responsable de proporcionar una amplia gama de alimentos sanos y sabrosos. La industria alimentaria est&aacute; muy regulada y es responsable de garantizar la calidad y seguridad de los alimentos producidos y vendidos. Parte de la calidad de estos productos est&aacute; garantizada por sistemas de filtraci&oacute;n robustos y fiables como los que ofrece Hollbras. Descubra nuestros sistemas de filtraci&oacute;n para la industria alimentaria.<\/p><\/div><a class=\"x-anchor x-anchor-button e1446-e27 m146-19 m146-8\" tabindex=\"0\" href=\"https:\/\/hollbras.com.br\/es\/industrias-es\/industria-alimentaria-es\/\" data-x-effect=\"{&quot;durationBase&quot;:&quot;300ms&quot;}\"><div class=\"x-anchor-content\"><div class=\"x-anchor-text\"><span class=\"x-anchor-text-primary\">aprenda m&aacute;s<\/span><\/div><\/div><\/a><\/section><section class=\"x-col e1446-e28 m146-l m146-n m146-q m146-r m146-s\"><div class=\"x-text x-content e1446-e29 m146-15 m146-17\"><p>La industria minera se encarga de extraer y procesar recursos minerales como metales, carb&oacute;n, materias primas para fertilizantes, entre otros. Se trata de una industria extremadamente importante para la econom&iacute;a mundial, que suministra materias primas para la producci&oacute;n de bienes de consumo, energ&iacute;a e infraestructuras. Con el auge de nuevas tecnolog&iacute;as como las bater&iacute;as y las aleaciones met&aacute;licas especiales, el sector minero se enfrenta constantemente al reto de ofrecer productos de alta calidad con un bajo impacto ambiental. Hollbras puede ayudarle a conseguir estos objetivos con nuestros filtros confiables y de alta calidad. Descubra nuestros sistemas de filtraci&oacute;n para la industria minera.<\/p><\/div><a class=\"x-anchor x-anchor-button e1446-e30 m146-19 m146-8\" tabindex=\"0\" href=\"https:\/\/hollbras.com.br\/es\/industrias-es\/industria-minera-es\/\" data-x-effect=\"{&quot;durationBase&quot;:&quot;300ms&quot;}\"><div class=\"x-anchor-content\"><div class=\"x-anchor-text\"><span class=\"x-anchor-text-primary\">aprenda m&aacute;s<\/span><\/div><\/div><\/a><\/section><section class=\"x-col e1446-e31 m146-l m146-n m146-q m146-r m146-s\"><div class=\"x-text x-content e1446-e32 m146-15 m146-17\"><p>La filtraci&oacute;n industrial es crucial para el sector qu&iacute;mico, ya que contribuye a garantizar la calidad y pureza de sus productos. El proceso de filtraci&oacute;n se utiliza para eliminar las part&iacute;culas s&oacute;lidas no deseadas de los productos qu&iacute;micos, garantizando que cumplan las normas de calidad y sean seguros de usar. Otro objetivo de la filtraci&oacute;n en la industria qu&iacute;mica es la separaci&oacute;n de los distintos componentes de las mezclas qu&iacute;micas, un paso que suele ser fundamental para la fabricaci&oacute;n de determinados productos qu&iacute;micos.<\/p><\/div><a class=\"x-anchor x-anchor-button e1446-e33 m146-19 m146-8\" tabindex=\"0\" href=\"https:\/\/hollbras.com.br\/es\/industrias-es\/industria-quimica-es\/\" data-x-effect=\"{&quot;durationBase&quot;:&quot;300ms&quot;}\"><div class=\"x-anchor-content\"><div class=\"x-anchor-text\"><span class=\"x-anchor-text-primary\">aprenda m&aacute;s<\/span><\/div><\/div><\/a><\/section><\/div><\/div><\/div><\/div><\/div><\/section><section class=\"x-section x-hide-lg x-hide-xl e1446-e34 m146-1 m146-3 m146-6 m146-7\"><div class=\"x-row x-container max width e1446-e35 m146-9 m146-a m146-d m146-e m146-k\"><div class=\"x-row-inner\"><section class=\"x-col e1446-e36 m146-l m146-n m146-q m146-r m146-t\"><span class=\"x-image e1446-e37 m146-18\"><img decoding=\"async\" src=\"http:\/\/hollbras.com.br\/wp-content\/uploads\/2023\/03\/food-industry.jpg\" width=\"1224\" height=\"816\" alt=\"Aperto de M\u00e3o\"><\/span><div class=\"x-text x-text-headline e1446-e38 m146-x m146-y m146-10 m146-13 m146-14\"><div class=\"x-text-content\"><div class=\"x-text-content-text\"><h2 class=\"x-text-content-text-primary\"><strong>Alimentaci&oacute;n<\/strong><\/h2>\n<h3 class=\"x-text-content-text-subheadline\">industria alimentaria<\/h3><\/div><\/div><\/div><div class=\"x-text x-content e1446-e39 m146-15 m146-17\"><p>La industria alimentaria se encarga de la producci&oacute;n, transformaci&oacute;n y distribuci&oacute;n de alimentos y bebidas. Desempe&ntilde;a un papel fundamental en la seguridad alimentaria y en la satisfacci&oacute;n de las necesidades nutricionales de la poblaci&oacute;n y es responsable de proporcionar una amplia gama de alimentos sanos y sabrosos. La industria alimentaria est&aacute; muy regulada y es responsable de garantizar la calidad y seguridad de los alimentos producidos y vendidos. Parte de la calidad de estos productos est&aacute; garantizada por sistemas de filtraci&oacute;n robustos y fiables como los que ofrece Hollbras. Descubra nuestros sistemas de filtraci&oacute;n para la industria alimentaria.<\/p><\/div><a class=\"x-anchor x-anchor-button e1446-e40 m146-19 m146-1a m146-8\" tabindex=\"0\" href=\"https:\/\/hollbras.com.br\/es\/industrias-es\/industria-alimentaria-es\/\" data-x-effect=\"{&quot;durationBase&quot;:&quot;300ms&quot;}\"><div class=\"x-anchor-content\"><div class=\"x-anchor-text\"><span class=\"x-anchor-text-primary\">aprenda m&aacute;s<\/span><\/div><\/div><\/a><\/section><section class=\"x-col e1446-e41 m146-l m146-n m146-q m146-r m146-t\"><span class=\"x-image e1446-e42 m146-18\"><img decoding=\"async\" src=\"http:\/\/hollbras.com.br\/wp-content\/uploads\/2023\/03\/mining-industry.jpg\" width=\"1224\" height=\"816\" alt=\"Aperto de M\u00e3o\"><\/span><div class=\"x-text x-text-headline e1446-e43 m146-x m146-y m146-10 m146-13 m146-14\"><div class=\"x-text-content\"><div class=\"x-text-content-text\"><h2 class=\"x-text-content-text-primary\">Miner&iacute;a<\/h2>\n<h3 class=\"x-text-content-text-subheadline\">industria minera<\/h3><\/div><\/div><\/div><div class=\"x-text x-content e1446-e44 m146-15 m146-17\"><p>La industria minera se encarga de extraer y procesar recursos minerales como metales, carb&oacute;n, materias primas para fertilizantes, entre otros. Se trata de una industria extremadamente importante para la econom&iacute;a mundial, que suministra materias primas para la producci&oacute;n de bienes de consumo, energ&iacute;a e infraestructuras. Con el auge de nuevas tecnolog&iacute;as como las bater&iacute;as y las aleaciones met&aacute;licas especiales, el sector minero se enfrenta constantemente al reto de ofrecer productos de alta calidad con un bajo impacto ambiental. Hollbras puede ayudarle a conseguir estos objetivos con nuestros filtros confiables y de alta calidad. Descubra nuestros sistemas de filtraci&oacute;n para la industria minera.<\/p><\/div><a class=\"x-anchor x-anchor-button e1446-e45 m146-19 m146-1a m146-8\" tabindex=\"0\" href=\"https:\/\/hollbras.com.br\/es\/industrias-es\/industria-minera-es\/\" data-x-effect=\"{&quot;durationBase&quot;:&quot;300ms&quot;}\"><div class=\"x-anchor-content\"><div class=\"x-anchor-text\"><span class=\"x-anchor-text-primary\">aprenda m&aacute;s<\/span><\/div><\/div><\/a><\/section><section class=\"x-col e1446-e46 m146-l m146-n m146-q m146-r m146-t\"><span class=\"x-image e1446-e47 m146-18\"><img decoding=\"async\" src=\"http:\/\/hollbras.com.br\/wp-content\/uploads\/2023\/03\/chemistry.jpg\" width=\"1224\" height=\"816\" alt=\"Aperto de M\u00e3o\"><\/span><div class=\"x-text x-text-headline e1446-e48 m146-x m146-y m146-10 m146-13 m146-14\"><div class=\"x-text-content\"><div class=\"x-text-content-text\"><h2 class=\"x-text-content-text-primary\">Qu&iacute;mica<\/h2>\n<h3 class=\"x-text-content-text-subheadline\">INDuSTRIA QU&Iacute;MICA<\/h3><\/div><\/div><\/div><div class=\"x-text x-content e1446-e49 m146-15 m146-17\"><p>La filtraci&oacute;n industrial es crucial para el sector qu&iacute;mico, ya que contribuye a garantizar la calidad y pureza de sus productos. El proceso de filtraci&oacute;n se utiliza para eliminar las part&iacute;culas s&oacute;lidas no deseadas de los productos qu&iacute;micos, garantizando que cumplan las normas de calidad y sean seguros de usar. Otro objetivo de la filtraci&oacute;n en la industria qu&iacute;mica es la separaci&oacute;n de los distintos componentes de las mezclas qu&iacute;micas, un paso que suele ser fundamental para la fabricaci&oacute;n de determinados productos qu&iacute;micos.<\/p><\/div><a class=\"x-anchor x-anchor-button e1446-e50 m146-19 m146-1a m146-8\" tabindex=\"0\" href=\"https:\/\/hollbras.com.br\/es\/industrias-es\/industria-quimica-es\/\" data-x-effect=\"{&quot;durationBase&quot;:&quot;300ms&quot;}\"><div class=\"x-anchor-content\"><div class=\"x-anchor-text\"><span class=\"x-anchor-text-primary\">aprenda m&aacute;s<\/span><\/div><\/div><\/a><\/section><\/div><\/div><\/section><\/div>\n","protected":false},"excerpt":{"rendered":"<p>Industrias Disponemos de una amplia gama de productos para satisfacer las necesidades de diferentes industrias y procesos de filtraci\u00f3n. Nos centramos en ofrecer soluciones de filtraci\u00f3n s\u00f3lidas para mejorar la calidad de los productos filtrados y reducir los costes de mantenimiento y funcionamiento.Alimentaci&oacute;n INDUSTRIA ALIMENTARIAMiner&iacute;a INDUSTRIA MINERAQu&iacute;mica IndUstria QU&iacute;micaLa industria alimentaria se encarga de la producci&oacute;n, transformaci&oacute;n y distribuci&oacute;n de alimentos y bebidas. Desempe&ntilde;a un papel fundamental en la seguridad alimentaria y en la satisfacci&oacute;n de las necesidades nutricionales de la poblaci&oacute;n y es responsable de proporcionar una amplia gama de alimentos sanos y sabrosos. La industria alimentaria est&aacute; muy regulada y es responsable de garantizar la calidad y seguridad de los alimentos producidos y vendidos. Parte de la calidad &#8230; <\/p>\n<div><a href=\"http:\/\/hollbras.com.br\/es\/industrias-es\/\" class=\"more-link\">Read More<\/a><\/div>\n","protected":false},"author":2,"featured_media":0,"parent":0,"menu_order":0,"comment_status":"closed","ping_status":"closed","template":"template-blank-4.php","meta":{"footnotes":""},"class_list":["post-1446","page","type-page","status-publish","hentry","no-post-thumbnail"],"_links":{"self":[{"href":"http:\/\/hollbras.com.br\/es\/wp-json\/wp\/v2\/pages\/1446","targetHints":{"allow":["GET"]}}],"collection":[{"href":"http:\/\/hollbras.com.br\/es\/wp-json\/wp\/v2\/pages"}],"about":[{"href":"http:\/\/hollbras.com.br\/es\/wp-json\/wp\/v2\/types\/page"}],"author":[{"embeddable":true,"href":"http:\/\/hollbras.com.br\/es\/wp-json\/wp\/v2\/users\/2"}],"replies":[{"embeddable":true,"href":"http:\/\/hollbras.com.br\/es\/wp-json\/wp\/v2\/comments?post=1446"}],"version-history":[{"count":1,"href":"http:\/\/hollbras.com.br\/es\/wp-json\/wp\/v2\/pages\/1446\/revisions"}],"predecessor-version":[{"id":1885,"href":"http:\/\/hollbras.com.br\/es\/wp-json\/wp\/v2\/pages\/1446\/revisions\/1885"}],"wp:attachment":[{"href":"http:\/\/hollbras.com.br\/es\/wp-json\/wp\/v2\/media?parent=1446"}],"curies":[{"name":"wp","href":"https:\/\/api.w.org\/{rel}","templated":true}]}}