{"id":1469,"date":"2023-03-05T00:44:36","date_gmt":"2023-03-05T00:44:36","guid":{"rendered":"http:\/\/hollbras.com.br\/industria-mineracao-espanhol\/"},"modified":"2024-03-20T20:47:59","modified_gmt":"2024-03-20T20:47:59","slug":"industria-minera-es","status":"publish","type":"page","link":"http:\/\/hollbras.com.br\/es\/industrias-es\/industria-minera-es\/","title":{"rendered":"Industria Minera"},"content":{"rendered":"<div id=\"cs-content\" class=\"cs-content\"><section class=\"x-section e1469-e1 m14t-0 m14t-1\"><div class=\"x-bg\" aria-hidden=\"true\"><div class=\"x-bg-layer-lower-image\" data-x-element-bg-layer=\"{&quot;parallaxSize&quot;:&quot;130%&quot;,&quot;parallaxDir&quot;:&quot;v&quot;,&quot;parallaxRev&quot;:false}\"><\/div><div class=\"x-bg-layer-upper-color\"><\/div><\/div><div class=\"x-row x-container max width e1469-e2 m14t-8 m14t-9 m14t-a m14t-b m14t-c m14t-j m14t-k\"><div class=\"x-row-inner\"><div class=\"x-col e1469-e3 m14t-z m14t-10\"><hr class=\"x-line e1469-e4 m14t-1l\"\/><\/div><\/div><\/div><\/section><section class=\"x-section e1469-e5 m14t-0 m14t-2\"><div class=\"x-row e1469-e6 m14t-8 m14t-9 m14t-a m14t-b m14t-c m14t-j m14t-l\"><div class=\"x-row-inner\"><div class=\"x-col e1469-e7 m14t-z m14t-10 m14t-11 m14t-12 m14t-13 m14t-14\"><div class=\"x-div e1469-e8 m14t-1m m14t-1n m14t-1o m14t-1p\"><div class=\"x-text x-text-headline e1469-e9 m14t-1u m14t-1v m14t-1w m14t-1x m14t-1y m14t-1z\"><div class=\"x-text-content\"><div class=\"x-text-content-text\"><h1 class=\"x-text-content-text-primary\">Industria Minera<\/h1>\n<\/div><\/div><\/div><div class=\"x-text x-content e1469-e10 m14t-2b m14t-2c\"><p>Los procesos de filtraci&oacute;n industrial son cruciales para la industria minera, ya que contribuyen a garantizar la calidad y la eficacia de los procesos de extracci&oacute;n y producci&oacute;n de minerales. La filtraci&oacute;n se utiliza para eliminar impurezas y part&iacute;culas s&oacute;lidas no deseadas de los minerales en bruto, aumentando la pureza de los productos finales. Adem&aacute;s, la filtraci&oacute;n puede utilizarse para separar distintos minerales y soluciones concentradas, lo que ayuda a maximizar la recuperaci&oacute;n de materiales valiosos y minimizar las p&eacute;rdidas.<\/p><\/div><\/div><\/div><\/div><\/div><\/section><div class=\"x-section e1469-e11 m14t-0 m14t-2 m14t-3 m14t-4\"><div class=\"x-row x-container max width e1469-e12 m14t-8 m14t-9 m14t-a m14t-d m14t-m m14t-n\"><div class=\"x-row-inner\"><div class=\"x-col e1469-e13 m14t-z m14t-15 m14t-16 m14t-17 m14t-18 m14t-19\"><div class=\"x-text x-text-headline e1469-e14 m14t-1v m14t-20 m14t-21 m14t-22 m14t-23 m14t-24\"><div class=\"x-text-content\"><div class=\"x-text-content-text\"><h2 class=\"x-text-content-text-primary\"><strong>&iquest;C&oacute;mo pueden ayudar los filtros horizontales de placas herm&eacute;ticas (HBH) de Hollbras en la industria minera?<\/strong><\/h2>\n<\/div><\/div><\/div><div class=\"x-text x-content e1469-e15 m14t-2b m14t-2d\"><p>Los filtros horizontales de placas herm&eacute;ticas Hollbras pueden desempe&ntilde;ar un papel importante en la industria minera, ayudando en el proceso de separaci&oacute;n s&oacute;lido-l&iacute;quido, una etapa clave en muchos aspectos de la miner&iacute;a. Tras el proceso de lixiviaci&oacute;n, la soluci&oacute;n que contiene el mineral de inter&eacute;s debe filtrarse para eliminar impurezas y residuos.<\/p>\n<p>La alta eficacia, la capacidad de filtrar grandes cantidades de l&iacute;quido y los bajos costes de explotaci&oacute;n hacen de los filtros de placas horizontales Hollbras (HBH) el candidato ideal para la industria minera.<\/p>\n<p>En resumen, los filtros de placas industriales pueden mejorar la eficiencia y la sostenibilidad de las operaciones mineras, garantizando al mismo tiempo la calidad del producto final. Son una valiosa herramienta para esta industria minera, ya que ayudan en la gesti&oacute;n de s&oacute;lidos y la recuperaci&oacute;n de minerales.<\/p><\/div><\/div><div class=\"x-col x-hide-sm x-hide-xs e1469-e16 m14t-z m14t-10 m14t-11 m14t-13 m14t-14 m14t-1a\"><hr class=\"x-line e1469-e17 m14t-2e m14t-2f\"\/><\/div><div class=\"x-col e1469-e18 m14t-z m14t-11 m14t-15 m14t-17 m14t-18 m14t-19 m14t-1a m14t-1b m14t-1c m14t-1d m14t-1e m14t-1f\"><div class=\"x-text x-text-headline e1469-e19 m14t-1v m14t-20 m14t-21 m14t-23 m14t-24 m14t-25 m14t-26\"><div class=\"x-text-content\"><div class=\"x-text-content-text\"><p class=\"x-text-content-text-primary\">Nossos Filtros:<\/p>\n<\/div><\/div><\/div><div class=\"x-widget-area e1469-e20 m14t-2j\" id=\"side_menu\"><div id=\"nav_menu-2\" class=\"widget widget_nav_menu\"><div class=\"menu-pt-menu-produtos-espanhol-container\"><ul id=\"menu-pt-menu-produtos-espanhol\" class=\"menu\"><li id=\"menu-item-1869\" class=\"menu-item menu-item-type-post_type menu-item-object-page menu-item-1869\"><a href=\"http:\/\/hollbras.com.br\/es\/productos-es\/filtro-vertical-placas-es\/\"><i class='x-framework-icon x-framework-icon-initial' data-x-icon-l='&#xf0da;' aria-hidden=true><\/i>Filtro Vertical de Placas<i class='x-framework-icon x-framework-icon-menu' data-x-icon-s='&#xf053;' aria-hidden=true><\/i><\/a><\/li>\n<li id=\"menu-item-1868\" class=\"menu-item menu-item-type-post_type menu-item-object-page menu-item-1868\"><a href=\"http:\/\/hollbras.com.br\/es\/productos-es\/filtro-horizontal-placas-es\/\"><i class='x-framework-icon x-framework-icon-initial' data-x-icon-l='&#xf0da;' aria-hidden=true><\/i>Filtro Horizontal de Placas<i class='x-framework-icon x-framework-icon-menu' data-x-icon-s='&#xf053;' aria-hidden=true><\/i><\/a><\/li>\n<li id=\"menu-item-1865\" class=\"menu-item menu-item-type-post_type menu-item-object-page menu-item-1865\"><a href=\"http:\/\/hollbras.com.br\/es\/productos-es\/filtro-vertical-tubos-es\/\"><i class='x-framework-icon x-framework-icon-initial' data-x-icon-l='&#xf0da;' aria-hidden=true><\/i>Filtro Vertical de Tubos<i class='x-framework-icon x-framework-icon-menu' data-x-icon-s='&#xf053;' aria-hidden=true><\/i><\/a><\/li>\n<li id=\"menu-item-1864\" class=\"menu-item menu-item-type-post_type menu-item-object-page menu-item-1864\"><a href=\"http:\/\/hollbras.com.br\/es\/productos-es\/filtro-bag-es\/\"><i class='x-framework-icon x-framework-icon-initial' data-x-icon-l='&#xf0da;' aria-hidden=true><\/i>Filtro Bag<i class='x-framework-icon x-framework-icon-menu' data-x-icon-s='&#xf053;' aria-hidden=true><\/i><\/a><\/li>\n<li id=\"menu-item-1863\" class=\"menu-item menu-item-type-post_type menu-item-object-page menu-item-1863\"><a href=\"http:\/\/hollbras.com.br\/es\/productos-es\/elementos-filtrantes-es\/\"><i class='x-framework-icon x-framework-icon-initial' data-x-icon-l='&#xf0da;' aria-hidden=true><\/i>Elementos Filtrantes<i class='x-framework-icon x-framework-icon-menu' data-x-icon-s='&#xf053;' aria-hidden=true><\/i><\/a><\/li>\n<li id=\"menu-item-1862\" class=\"menu-item menu-item-type-post_type menu-item-object-page menu-item-1862\"><a href=\"http:\/\/hollbras.com.br\/es\/productos-es\/piezas-repuesto-es\/\"><i class='x-framework-icon x-framework-icon-initial' data-x-icon-l='&#xf0da;' aria-hidden=true><\/i>Piezas de Repuesto<i class='x-framework-icon x-framework-icon-menu' data-x-icon-s='&#xf053;' aria-hidden=true><\/i><\/a><\/li>\n<\/ul><\/div><\/div><\/div><\/div><\/div><\/div><div class=\"x-row x-container max width e1469-e21 m14t-8 m14t-9 m14t-a m14t-b m14t-c m14t-j m14t-o\"><div class=\"x-row-inner\"><div class=\"x-col e1469-e22 m14t-z m14t-10 m14t-11 m14t-13 m14t-14 m14t-1a m14t-1g\"><hr class=\"x-line e1469-e23 m14t-2f m14t-2g m14t-2h\"\/><\/div><\/div><\/div><\/div><div class=\"x-section e1469-e24 m14t-0 m14t-2 m14t-4 m14t-5\"><div class=\"x-row x-container max width e1469-e25 m14t-8 m14t-9 m14t-a m14t-d m14t-m m14t-p\"><div class=\"x-row-inner\"><div class=\"x-col e1469-e26 m14t-z m14t-11 m14t-13 m14t-15 m14t-17 m14t-18 m14t-19 m14t-1a m14t-1c m14t-1d m14t-1e m14t-1f\"><span class=\"x-image e1469-e27 m14t-2k m14t-2l\"><img decoding=\"async\" src=\"http:\/\/hollbras.com.br\/wp-content\/uploads\/2023\/03\/hollbras_hbh.jpg\" width=\"1225\" height=\"816\" alt=\"Filtro Horizontal Hollbras\"><\/span><\/div><div class=\"x-col x-hide-sm x-hide-xs e1469-e28 m14t-z m14t-10 m14t-11 m14t-13 m14t-14 m14t-1a\"><hr class=\"x-line e1469-e29 m14t-2e m14t-2f\"\/><\/div><div class=\"x-col e1469-e30 m14t-z m14t-11 m14t-13 m14t-15 m14t-16 m14t-17 m14t-18 m14t-19 m14t-1a m14t-1c\"><div class=\"x-text x-text-headline e1469-e31 m14t-1v m14t-20 m14t-21 m14t-22 m14t-23 m14t-24\"><div class=\"x-text-content\"><div class=\"x-text-content-text\"><h2 class=\"x-text-content-text-primary\"><strong>&iquest;C&oacute;mo funcionan los filtros de placas horizontales Hollbras HBH?<\/strong><\/h2>\n<\/div><\/div><\/div><div class=\"x-text x-content e1469-e32 m14t-2b m14t-2d\"><p>En los filtros horizontales HBH, las placas filtrantes se colocan sobre un tubo colector y este conjunto se instala en un recipiente a presi&oacute;n. El proceso comienza formando una pre-capa en las placas filtrantes. Esta pre-capa puede estar compuesta por el s&oacute;lido a retener o por auxiliares filtrantes. Tras formar la pre-portada, el l&iacute;quido que se va a filtrar se bombea al filtro a presi&oacute;n. Durante la filtraci&oacute;n, la presi&oacute;n en el interior del filtro obliga al l&iacute;quido a atravesar las placas recubiertas, lo que hace que las part&iacute;culas s&oacute;lidas queden retenidas mientras el filtrado fluye por el interior de las placas, hacia el tubo de recogida y, a continuaci&oacute;n, hacia un dep&oacute;sito de filtrado. El proceso finaliza cuando el filtro alcanza su l&iacute;mite m&aacute;ximo de s&oacute;lidos. Tras la filtraci&oacute;n, los s&oacute;lidos retenidos en las placas pueden eliminarse mediante vibraci&oacute;n (descarga en seco) o lavado (descarga en h&uacute;medo).<\/p><\/div><\/div><\/div><\/div><div class=\"x-row x-container max width e1469-e33 m14t-8 m14t-9 m14t-a m14t-b m14t-c m14t-e m14t-f m14t-j m14t-q\"><div class=\"x-row-inner\"><div class=\"x-col e1469-e34 m14t-z m14t-10 m14t-11 m14t-13 m14t-14 m14t-1a\"><hr class=\"x-line e1469-e35 m14t-2f m14t-2g m14t-2h\"\/><\/div><\/div><\/div><\/div><div class=\"x-section e1469-e36 m14t-0 m14t-2 m14t-4 m14t-5\"><div class=\"x-row x-container max width e1469-e37 m14t-8 m14t-9 m14t-a m14t-b m14t-c m14t-j m14t-r\"><div class=\"x-row-inner\"><div class=\"x-col e1469-e38 m14t-z m14t-10\"><div class=\"x-text x-text-headline e1469-e39 m14t-1v m14t-1x m14t-1y m14t-1z m14t-21 m14t-24 m14t-27 m14t-28\"><div class=\"x-text-content\"><div class=\"x-text-content-text\"><h2 class=\"x-text-content-text-primary\">piezas de repuesto<\/h2>\n<\/div><\/div><\/div><\/div><\/div><\/div><div class=\"x-row x-container max width e1469-e40 m14t-8 m14t-a m14t-c m14t-g m14t-j m14t-s\"><div class=\"x-row-inner\"><div class=\"x-col e1469-e41 m14t-z m14t-10\"><div class=\"x-div e1469-e42 m14t-1m m14t-1o m14t-1p m14t-1q\"><div class=\"x-div x-hide-sm x-hide-xs e1469-e43 m14t-1m m14t-1o m14t-1q m14t-1r m14t-1s m14t-7\"><a class=\"x-div e1469-e44 m14t-1m m14t-1p m14t-1q m14t-1r m14t-1t\" href=\"#prev\" data-x-effect-provider=\"colors particles effects\" data-x-slide-next=\"\"><i class=\"x-icon e1469-e45 m14t-2o\" aria-hidden=\"true\" data-x-icon-o=\"&#xf060;\"><\/i><\/a><a class=\"x-div e1469-e46 m14t-1m m14t-1p m14t-1q m14t-1r m14t-1t\" href=\"#next\" data-x-effect-provider=\"colors particles effects\" data-x-slide-next=\"\"><i class=\"x-icon e1469-e47 m14t-2o\" aria-hidden=\"true\" data-x-icon-o=\"&#xf061;\"><\/i><\/a><\/div><div class=\"x-div e1469-e48 m14t-1m m14t-1o m14t-1p m14t-1q\"><div class=\"x-slide-container-viewport is-loading e1469-e49 m14t-2p\" data-x-slide-container=\"{&quot;keyboardNavigation&quot;:true,&quot;scrollBySlide&quot;:true,&quot;wrapAround&quot;:true,&quot;int&quot;:&quot;click drag off&quot;,&quot;direction&quot;:&quot;forward&quot;,&quot;startingSlide&quot;:1}\"><div class=\"x-slide-container-content x-container max width\"><div class=\"x-slide-container is-inline is-paged\"><div class=\"x-slide e1469-e50 m14t-2q\" data-x-slide=\"\"><span class=\"x-image e1469-e51 m14t-2k m14t-2m\"><img decoding=\"async\" src=\"http:\/\/hollbras.com.br\/wp-content\/uploads\/2023\/06\/gaxeta-Edit.jpg\" width=\"1000\" height=\"1000\" alt=\"Image\"><\/span><hr class=\"x-line e1469-e52 m14t-2f m14t-2g m14t-2i\"\/><div class=\"x-text x-text-headline e1469-e53 m14t-1v m14t-1y m14t-21 m14t-23 m14t-24 m14t-26 m14t-28 m14t-29\"><div class=\"x-text-content\"><div class=\"x-text-content-text\"><p class=\"x-text-content-text-primary\">JUNTA<\/p>\n<\/div><\/div><\/div><\/div><div class=\"x-slide e1469-e54 m14t-2q\" data-x-slide=\"\"><span class=\"x-image e1469-e55 m14t-2k m14t-2m\"><img decoding=\"async\" src=\"http:\/\/hollbras.com.br\/wp-content\/uploads\/2023\/06\/lubrifil-Edit.jpg\" width=\"1000\" height=\"1000\" alt=\"Image\"><\/span><hr class=\"x-line e1469-e56 m14t-2f m14t-2g m14t-2i\"\/><div class=\"x-text x-text-headline e1469-e57 m14t-1v m14t-1w m14t-1y m14t-23 m14t-24 m14t-26 m14t-29 m14t-2a\"><div class=\"x-text-content\"><div class=\"x-text-content-text\"><p class=\"x-text-content-text-primary\">LUBRIFIL<\/p>\n<\/div><\/div><\/div><\/div><div class=\"x-slide e1469-e58 m14t-2q\" data-x-slide=\"\"><span class=\"x-image e1469-e59 m14t-2k m14t-2m\"><img decoding=\"async\" src=\"http:\/\/hollbras.com.br\/wp-content\/uploads\/2023\/06\/peca_manu.jpg\" width=\"1000\" height=\"1000\" alt=\"Image\"><\/span><hr class=\"x-line e1469-e60 m14t-2f m14t-2g m14t-2i\"\/><div class=\"x-text x-text-headline e1469-e61 m14t-1v m14t-1w m14t-1y m14t-1z m14t-24 m14t-26 m14t-29 m14t-2a\"><div class=\"x-text-content\"><div class=\"x-text-content-text\"><p class=\"x-text-content-text-primary\">manovacu&Oacute;metro<\/p>\n<\/div><\/div><\/div><\/div><div class=\"x-slide e1469-e62 m14t-2q\" data-x-slide=\"\"><span class=\"x-image e1469-e63 m14t-2k m14t-2m\"><img decoding=\"async\" src=\"http:\/\/hollbras.com.br\/wp-content\/uploads\/2023\/06\/Placas.jpg\" width=\"1000\" height=\"1000\" alt=\"Image\"><\/span><hr class=\"x-line e1469-e64 m14t-2f m14t-2g m14t-2i\"\/><div class=\"x-text x-text-headline e1469-e65 m14t-1v m14t-1w m14t-1y m14t-23 m14t-24 m14t-26 m14t-29 m14t-2a\"><div class=\"x-text-content\"><div class=\"x-text-content-text\"><p class=\"x-text-content-text-primary\">PLACAS FILTRANTES<\/p>\n<\/div><\/div><\/div><\/div><div class=\"x-slide e1469-e66 m14t-2q\" data-x-slide=\"\"><span class=\"x-image e1469-e67 m14t-2k m14t-2m\"><img decoding=\"async\" src=\"http:\/\/hollbras.com.br\/wp-content\/uploads\/2023\/07\/Mano-square.png\" width=\"2560\" height=\"2560\" alt=\"Image\"><\/span><hr class=\"x-line e1469-e68 m14t-2f m14t-2g m14t-2i\"\/><div class=\"x-text x-text-headline e1469-e69 m14t-1v m14t-1w m14t-1y m14t-1z m14t-24 m14t-26 m14t-29 m14t-2a\"><div class=\"x-text-content\"><div class=\"x-text-content-text\"><p class=\"x-text-content-text-primary\">Man&Oacute;metro<\/p>\n<\/div><\/div><\/div><\/div><div class=\"x-slide e1469-e70 m14t-2q\" data-x-slide=\"\"><span class=\"x-image e1469-e71 m14t-2k m14t-2m\"><img decoding=\"async\" src=\"http:\/\/hollbras.com.br\/wp-content\/uploads\/2023\/07\/oring.png\" width=\"337\" height=\"337\" alt=\"Image\"><\/span><hr class=\"x-line e1469-e72 m14t-2f m14t-2g m14t-2i\"\/><div class=\"x-text x-text-headline e1469-e73 m14t-1v m14t-1w m14t-1y m14t-23 m14t-24 m14t-26 m14t-29 m14t-2a\"><div class=\"x-text-content\"><div class=\"x-text-content-text\"><p class=\"x-text-content-text-primary\">ANILLO O'RING<\/p>\n<\/div><\/div><\/div><\/div><div class=\"x-slide e1469-e74 m14t-2q\" data-x-slide=\"\"><span class=\"x-image e1469-e75 m14t-2k m14t-2m\"><img decoding=\"async\" src=\"http:\/\/hollbras.com.br\/wp-content\/uploads\/2023\/07\/Conjunto-Vibrador-copy.png\" width=\"1280\" height=\"1280\" alt=\"Image\"><\/span><hr class=\"x-line e1469-e76 m14t-2f m14t-2g m14t-2i\"\/><div class=\"x-text x-text-headline e1469-e77 m14t-1v m14t-1w m14t-1y m14t-1z m14t-24 m14t-26 m14t-29 m14t-2a\"><div class=\"x-text-content\"><div class=\"x-text-content-text\"><p class=\"x-text-content-text-primary\">Juego de vibradores neum\u00e1ticos<\/p>\n<\/div><\/div><\/div><\/div><\/div><\/div><\/div><\/div><\/div><\/div><\/div><\/div><div class=\"x-row x-container max width e1469-e78 m14t-8 m14t-9 m14t-a m14t-b m14t-c m14t-f m14t-h m14t-j m14t-t\"><div class=\"x-row-inner\"><div class=\"x-col e1469-e79 m14t-z m14t-10 m14t-11 m14t-13 m14t-14 m14t-1a\"><hr class=\"x-line e1469-e80 m14t-2f m14t-2g m14t-2h\"\/><\/div><\/div><\/div><\/div><div class=\"x-section e1469-e81 m14t-0 m14t-2 m14t-4 m14t-5\"><div class=\"x-row x-container max width e1469-e82 m14t-8 m14t-9 m14t-a m14t-d m14t-m m14t-u\"><div class=\"x-row-inner\"><div class=\"x-col e1469-e83 m14t-z m14t-11 m14t-13 m14t-14 m14t-15 m14t-18 m14t-1a m14t-1e m14t-1h m14t-1i\"><span class=\"x-image x-hide-sm x-hide-xs e1469-e84 m14t-2k m14t-2l m14t-2n\"><img decoding=\"async\" src=\"http:\/\/hollbras.com.br\/wp-content\/uploads\/2024\/01\/3-Spheres.png\" width=\"1087\" height=\"3767\" alt=\"Image\"><\/span><\/div><div class=\"x-col x-hide-sm x-hide-xs e1469-e85 m14t-z m14t-10 m14t-11 m14t-13 m14t-14 m14t-1a\"><hr class=\"x-line e1469-e86 m14t-2e m14t-2f\"\/><\/div><div class=\"x-col e1469-e87 m14t-z m14t-11 m14t-13 m14t-15 m14t-16 m14t-17 m14t-18 m14t-19 m14t-1a m14t-1c\"><div class=\"x-text x-text-headline e1469-e88 m14t-1v m14t-20 m14t-21 m14t-22 m14t-23 m14t-24\"><div class=\"x-text-content\"><div class=\"x-text-content-text\"><h2 class=\"x-text-content-text-primary\"><strong>&iquest;Cu&aacute;les son las ventajas de los filtros de placas verticales Hollbras para la industria minera?<\/strong><\/h2>\n<\/div><\/div><\/div><div class=\"x-text x-content e1469-e89 m14t-2b m14t-2d\"><ul>\n \t<li><em style=\"font-family: inherit; font-size: 1em; font-weight: inherit; letter-spacing: 0em;\">Eficacia y calidad:<\/em><\/li>\n<\/ul>\n<p style=\"padding-left: 40px;\">La capacidad de los filtros de placas para retener eficazmente las part\u00edculas s\u00f3lidas garantiza la calidad del producto final y una reducci\u00f3n de las p\u00e9rdidas en el proceso.<\/p>\n\n<ul>\n \t<li><em>Versatilidad:<\/em><\/li>\n<\/ul>\n<p style=\"padding-left: 40px;\">Los filtros de placas pueden utilizarse con distintos tipos de medios filtrantes, lo que permite adaptarlos a las necesidades espec\u00edficas de cada aplicaci\u00f3n.<\/p>\n\n<ul>\n \t<li><em>Facilidad de manejo y mantenimiento:<\/em><\/li>\n<\/ul>\n<p style=\"padding-left: 40px;\">Los filtros de placas son f\u00e1ciles de manejar y tienen bajos costes de mantenimiento. Adem\u00e1s, la limpieza del filtro es r\u00e1pida y sencilla, lo que minimiza el tiempo de inactividad.<\/p><\/div><\/div><\/div><\/div><div class=\"x-row x-container max width e1469-e90 m14t-8 m14t-9 m14t-a m14t-b m14t-c m14t-j m14t-v\"><div class=\"x-row-inner\"><div class=\"x-col e1469-e91 m14t-z m14t-10 m14t-11 m14t-13 m14t-14 m14t-1a m14t-1g\"><hr class=\"x-line e1469-e92 m14t-2f m14t-2g m14t-2h\"\/><\/div><\/div><\/div><\/div><div class=\"x-section e1469-e93 m14t-0 m14t-2 m14t-4 m14t-5\"><div class=\"x-row x-container max width e1469-e94 m14t-8 m14t-9 m14t-d m14t-i m14t-m m14t-w\"><div class=\"x-row-inner\"><div class=\"x-col e1469-e95 m14t-z m14t-11 m14t-13 m14t-15 m14t-18 m14t-19 m14t-1a m14t-1c m14t-1d m14t-1e m14t-1h m14t-1j\"><span class=\"x-image e1469-e96 m14t-2k m14t-2l\"><img decoding=\"async\" src=\"http:\/\/hollbras.com.br\/wp-content\/uploads\/2023\/06\/terraced-salt-mine-2021-08-26-16-22-17-utc.jpg\" width=\"1224\" height=\"816\" alt=\"Image\"><\/span><\/div><div class=\"x-col x-hide-sm x-hide-xs e1469-e97 m14t-z m14t-10 m14t-11 m14t-13 m14t-14 m14t-1a\"><hr class=\"x-line e1469-e98 m14t-2e m14t-2f\"\/><\/div><div class=\"x-col e1469-e99 m14t-z m14t-11 m14t-13 m14t-15 m14t-16 m14t-17 m14t-18 m14t-19 m14t-1a m14t-1c\"><div class=\"x-text x-text-headline e1469-e100 m14t-1v m14t-20 m14t-21 m14t-22 m14t-23 m14t-24\"><div class=\"x-text-content\"><div class=\"x-text-content-text\"><h2 class=\"x-text-content-text-primary\"><strong>&iquest;Pueden los filtros Hollbras ayudar en cuestiones medioambientales y de sostenibilidad?<\/strong><\/h2>\n<\/div><\/div><\/div><div class=\"x-text x-content e1469-e101 m14t-2b m14t-2d\"><p>La adopci&oacute;n de filtros de placas en el sector minero puede contribuir a la sostenibilidad del proceso de producci&oacute;n. Adem&aacute;s de optimizar el consumo de recursos como el agua y la energ&iacute;a, el uso de filtros de placas favorece la recuperaci&oacute;n de subproductos, que pueden reutilizarse o reciclarse, reduciendo la generaci&oacute;n de residuos.<\/p><\/div><\/div><\/div><\/div><div class=\"x-row x-container max width e1469-e102 m14t-8 m14t-9 m14t-a m14t-b m14t-c m14t-j m14t-x\"><div class=\"x-row-inner\"><div class=\"x-col e1469-e103 m14t-z m14t-10 m14t-11 m14t-13 m14t-14 m14t-1a m14t-1g\"><hr class=\"x-line e1469-e104 m14t-2f m14t-2g m14t-2h\"\/><\/div><\/div><\/div><\/div><div class=\"x-section e1469-e105 m14t-0 m14t-2 m14t-4 m14t-5 m14t-6\"><div class=\"x-row x-container max width e1469-e106 m14t-8 m14t-9 m14t-a m14t-d m14t-m m14t-y\"><div class=\"x-row-inner\"><div class=\"x-col e1469-e107 m14t-z m14t-11 m14t-13 m14t-17 m14t-18 m14t-1a m14t-1c m14t-1d m14t-1e m14t-1i m14t-1k\"><span class=\"x-image e1469-e108 m14t-2k m14t-2l\"><img decoding=\"async\" src=\"http:\/\/hollbras.com.br\/wp-content\/uploads\/2023\/06\/excavators-working-on-a-manganese-mining-site-in-s-2022-12-19-08-42-34-utc.jpg\" width=\"1224\" height=\"816\" alt=\"Image\"><\/span><\/div><div class=\"x-col x-hide-sm x-hide-xs e1469-e109 m14t-z m14t-10 m14t-11 m14t-13 m14t-14 m14t-1a\"><hr class=\"x-line e1469-e110 m14t-2e m14t-2f\"\/><\/div><div class=\"x-col e1469-e111 m14t-z m14t-11 m14t-13 m14t-15 m14t-16 m14t-17 m14t-18 m14t-19 m14t-1a m14t-1c\"><div class=\"x-text x-text-headline e1469-e112 m14t-1v m14t-20 m14t-21 m14t-22 m14t-23 m14t-24\"><div class=\"x-text-content\"><div class=\"x-text-content-text\"><h2 class=\"x-text-content-text-primary\"><strong>&iquest;Futuros retos de la filtraci&oacute;n en el sector minero?<\/strong><\/h2>\n<\/div><\/div><\/div><div class=\"x-text x-content e1469-e113 m14t-2b m14t-2d\"><p>A ind&uacute;stria de minera&ccedil;&atilde;o est&aacute; em constante evolu&ccedil;&atilde;o, fazendo com que o setor busque produtos para aprimorar os processos produtivos e reduzir o impacto ambiental. A Hollbras pode auxiliar na sele&ccedil;&atilde;o do sistema de filtra&ccedil;&atilde;o, bem como fornecer os filtros necess&aacute;rios para otimizar os seus processos produtivos. Muitas das mat&eacute;rias-primas geradas atrav&eacute;s da minera&ccedil;&atilde;o usam filtra&ccedil;&atilde;o para garantir a qualidade do produto final. A Hollbras oferece uma ampla linha de filtros que podem ser utilizados em diversas etapas de filtra&ccedil;&atilde;o.<\/p><\/div><\/div><\/div><\/div><\/div><\/div>\n","protected":false},"excerpt":{"rendered":"<p>Industria Minera Los procesos de filtraci&oacute;n industrial son cruciales para la industria minera, ya que contribuyen a garantizar la calidad y la eficacia de los procesos de extracci&oacute;n y producci&oacute;n de minerales. La filtraci&oacute;n se utiliza para eliminar impurezas y part&iacute;culas s&oacute;lidas no deseadas de los minerales en bruto, aumentando la pureza de los productos finales. Adem&aacute;s, la filtraci&oacute;n puede utilizarse para separar distintos minerales y soluciones concentradas, lo que ayuda a maximizar la recuperaci&oacute;n de materiales valiosos y minimizar las p&eacute;rdidas.&iquest;C&oacute;mo pueden ayudar los filtros horizontales de placas herm&eacute;ticas (HBH) de Hollbras en la industria minera? Los filtros horizontales de placas herm&eacute;ticas Hollbras pueden desempe&ntilde;ar un papel importante en la industria minera, ayudando en el proceso de separaci&oacute;n s&oacute;lido-l&iacute;quido, &#8230; <\/p>\n<div><a href=\"http:\/\/hollbras.com.br\/es\/industrias-es\/industria-minera-es\/\" class=\"more-link\">Read More<\/a><\/div>\n","protected":false},"author":2,"featured_media":0,"parent":1446,"menu_order":0,"comment_status":"closed","ping_status":"closed","template":"template-blank-4.php","meta":{"footnotes":""},"class_list":["post-1469","page","type-page","status-publish","hentry","no-post-thumbnail"],"_links":{"self":[{"href":"http:\/\/hollbras.com.br\/es\/wp-json\/wp\/v2\/pages\/1469","targetHints":{"allow":["GET"]}}],"collection":[{"href":"http:\/\/hollbras.com.br\/es\/wp-json\/wp\/v2\/pages"}],"about":[{"href":"http:\/\/hollbras.com.br\/es\/wp-json\/wp\/v2\/types\/page"}],"author":[{"embeddable":true,"href":"http:\/\/hollbras.com.br\/es\/wp-json\/wp\/v2\/users\/2"}],"replies":[{"embeddable":true,"href":"http:\/\/hollbras.com.br\/es\/wp-json\/wp\/v2\/comments?post=1469"}],"version-history":[{"count":0,"href":"http:\/\/hollbras.com.br\/es\/wp-json\/wp\/v2\/pages\/1469\/revisions"}],"up":[{"embeddable":true,"href":"http:\/\/hollbras.com.br\/es\/wp-json\/wp\/v2\/pages\/1446"}],"wp:attachment":[{"href":"http:\/\/hollbras.com.br\/es\/wp-json\/wp\/v2\/media?parent=1469"}],"curies":[{"name":"wp","href":"https:\/\/api.w.org\/{rel}","templated":true}]}}