{"id":1627,"date":"2024-02-14T03:41:06","date_gmt":"2024-02-14T03:41:06","guid":{"rendered":"http:\/\/hollbras.com.br\/?page_id=1627"},"modified":"2024-03-19T17:57:16","modified_gmt":"2024-03-19T17:57:16","slug":"assaga-fevereiro-2024","status":"publish","type":"page","link":"http:\/\/hollbras.com.br\/es\/assaga-fevereiro-2024\/","title":{"rendered":"Asaga Fevereiro 2024"},"content":{"rendered":"<div id=\"cs-content\" class=\"cs-content\"><div class=\"x-section e1627-e1 m197-0 m197-1 m197-2 m197-3\"><div class=\"x-bg\" aria-hidden=\"true\"><div class=\"x-bg-layer-lower-image\"><\/div><\/div><div class=\"x-row x-container max width e1627-e2 m197-b m197-c m197-d\"><div class=\"x-row-inner\"><div class=\"x-col e1627-e3 m197-h\"><hr class=\"x-line e1627-e4 m197-j\"\/><\/div><\/div><\/div><\/div><div class=\"x-section e1627-e5 m197-0 m197-2 m197-4\"><div class=\"x-bg\" aria-hidden=\"true\"><div class=\"x-bg-layer-lower-color\"><\/div><\/div><div class=\"x-row x-container max width e1627-e6 m197-b m197-c m197-e\"><div class=\"x-row-inner\"><div class=\"x-col e1627-e7 m197-h\"><div class=\"x-text x-text-headline e1627-e8 m197-k m197-l m197-m m197-n\"><div class=\"x-text-content\"><div class=\"x-text-content-text\"><h1 class=\"x-text-content-text-primary\">Revista Asaga - Edici&oacute;n 133<\/h1>\n<\/div><\/div><\/div><\/div><\/div><\/div><\/div><div class=\"x-grid x-container max width e1627-e9 m197-v m197-w\"><div class=\"x-cell e1627-e10 m197-10 m197-11 m197-12 m197-13 m197-14 m197-15 m197-8 m197-9 x-effect-exit\" data-x-effect=\"{&quot;scroll&quot;:true,&quot;offsetTop&quot;:&quot;10%&quot;,&quot;offsetBottom&quot;:&quot;10%&quot;,&quot;behaviorScroll&quot;:&quot;fire-once&quot;}\"><div class=\"x-bg\" aria-hidden=\"true\"><div class=\"x-bg-layer-lower-color\"><\/div><\/div><div class=\"x-text x-text-headline e1627-e11 m197-k m197-m m197-n m197-o m197-p m197-q m197-r\"><div class=\"x-text-content\"><div class=\"x-text-content-text\"><h1 class=\"x-text-content-text-primary\">Placas Filtrantes:<\/h1>\n<\/div><\/div><\/div><div class=\"x-text x-content e1627-e12 m197-1i m197-1j m197-1k m197-1l\"><p>En Hollbras, combinamos innovacio\u0301n con versatilidad. Nuestras placas filtrantes representan la excelencia de la calidad y cuentan con nuestra tecnologi\u0301a <em>Constant Flow<\/em>. A trave\u0301s de la reduccio\u0301n de so\u0301lidos en el interior de los canales de drenaje esta tecnologi\u0301a maximiza su capacidad operativa y minimiza la necesidad de lavado de las placas.<\/p>\n<p>En li\u0301nea con nuestro compromiso con la sostenibilidad, hemos desarrollado un proceso de reforma de placas que nos ha convertido en los principales expertos en la Ame\u0301rica Latina. Este cuidadoso proceso nos permite garantizar que las placas reformadas tengan rendimiento ide\u0301ntico al de las placas nuevas. Sin embargo, lo ma\u0301s importante es que todas nuestras placas, <strong>ya sean nuevas o reformadas,<\/strong> esta\u0301n sujetas a los ma\u0301s rigurosos control de calidad, cuentan con garanti\u0301a y son compatibles con todos los filtros del mercado.<\/p><\/div><span class=\"x-image e1627-e13 m197-1q m197-1r\"><img decoding=\"async\" src=\"http:\/\/hollbras.com.br\/wp-content\/uploads\/2024\/03\/IVA_5691.jpg\" width=\"3008\" height=\"2008\" alt=\"Image\"><\/span><\/div><div class=\"x-cell e1627-e14 m197-11 m197-12 m197-13 m197-14 m197-16 m197-17 m197-8 m197-a x-effect-exit\" data-x-effect=\"{&quot;scroll&quot;:true,&quot;offsetTop&quot;:&quot;10%&quot;,&quot;offsetBottom&quot;:&quot;10%&quot;,&quot;behaviorScroll&quot;:&quot;fire-once&quot;}\"><div class=\"x-bg\" aria-hidden=\"true\"><div class=\"x-bg-layer-lower-color\"><\/div><\/div><span class=\"x-image e1627-e15 m197-1q m197-1s\"><img decoding=\"async\" src=\"http:\/\/hollbras.com.br\/wp-content\/uploads\/2023\/06\/hollbras_hbv.jpg\" width=\"408\" height=\"408\" alt=\"Image\"><\/span><div class=\"x-text x-text-headline e1627-e16 m197-k m197-m m197-n m197-p m197-q m197-r m197-s\"><div class=\"x-text-content\"><div class=\"x-text-content-text\"><h1 class=\"x-text-content-text-primary\">Filtros Verticales:<\/h1>\n<\/div><\/div><\/div><div class=\"x-text x-content e1627-e17 m197-1i m197-1j m197-1k m197-1m\"><p>En las industrias de aceites y grasas, los filtros verticales de placas de Hollbras son sino\u0301nimo de eficiencia y durabilidad. Con ma\u0301s de 30 an\u0303os de experiencia, nuestra robusta tecnologi\u0301a es la eleccio\u0301n de las principales empresas de Ame\u0301rica Latina que buscan equipos confiables, duraderos y con bajo costo de operacio\u0301n y mantenimiento. <br \/><br \/>Uno de nuestros mayores diferenciales es el soporte te\u0301cnico especializado a su disposicio\u0301n. Con el objetivo de maximizar su rendimiento de filtracio\u0301n, Hollbras mantiene su compromiso de apoyar a nuestros clientes en la eleccio\u0301n y operacio\u0301n de nuestros filtros.&nbsp;<\/p><\/div><\/div><\/div><div class=\"x-section e1627-e18 m197-0 m197-2 m197-5\"><div class=\"x-bg\" aria-hidden=\"true\"><div class=\"x-bg-layer-lower-video\"><div  class=\"x-video player bg transparent hide-controls autoplay loop muted playsinline\" data-x-element-mejs=\"{&quot;poster&quot;:&quot;&quot;}\"  data-x-video-options='{\"pause_out_of_view\":false}'><script type=\"text\/template\"><div class=\"x-video-inner video\/mp4  transparent\"><video class=\"x-mejs has-stack-styles\" preload=\"metadata\" autoplay loop muted playsinline><source src=\"https:\/\/hollbras.com.br\/wp-content\/uploads\/2024\/03\/AdobeStock_504863777-2.mp4\" type=\"video\/mp4\"><\/video><\/div><\/script><\/div><\/div><\/div><div class=\"x-row x-container max width e1627-e19 m197-b m197-c m197-f\"><div class=\"x-row-inner\"><div class=\"x-col e1627-e20 m197-h m197-i\"><div class=\"x-text x-text-headline e1627-e21 m197-k m197-n m197-p m197-t\"><div class=\"x-text-content\"><div class=\"x-text-content-text\"><h2 class=\"x-text-content-text-primary\">\"Hollbras: La eleccio\u0301n inteligente para filtracio\u0301n de alto rendimiento\"<\/h2>\n<\/div><\/div><\/div><\/div><\/div><\/div><\/div><div class=\"x-section e1627-e22 m197-0 m197-1 m197-6\"><div class=\"x-grid x-container max width e1627-e23 m197-v m197-x m197-y\"><div class=\"x-cell e1627-e24 m197-10 m197-11 m197-13 m197-18 m197-19\"><div class=\"x-text x-text-headline e1627-e25 m197-k m197-m m197-q m197-s m197-u\"><div class=\"x-text-content\"><div class=\"x-text-content-text\"><h2 class=\"x-text-content-text-primary\">Materiales utilizados en la construcci&oacute;n de nuestras placas:<\/h2>\n<\/div><\/div><\/div><div class=\"x-text x-content e1627-e26 m197-1i m197-1j m197-1n m197-1o\">Las placas de filtraci\u00f3n desarrolladas por nuestra empresa utilizan dos tipos de acero inoxidable de alto rendimiento: el AISI 316L y el 904L. Esta elecci\u00f3n de materiales no es al azar, sino que se basa en la b\u00fasqueda de soluciones duraderas, confiables y de alta resistencia a la corrosi\u00f3n. El uso de estos materiales permite que nuestros sistemas de filtraci\u00f3n cumplan con las necesidades industriales m\u00e1s exigentes, garantizando una operaci\u00f3n eficiente y segura en una amplia gama de entornos corrosivos.<\/div><div class=\"x-acc e1627-e27 m197-1t m197-1u\" id=\"x-acc-e1627-e27\"><div class=\"e1627-e28 x-acc-item\"><button id=\"tab-e1627-e28\" class=\"x-acc-header\" role=\"button\" type=\"button\" aria-expanded=\"false\" aria-controls=\"panel-e1627-e28\" data-x-toggle=\"collapse\" data-x-toggleable=\"e1627-e28\" data-x-toggle-group=\"e1627-e27\"><span class=\"x-acc-header-content\"><span class=\"x-acc-header-indicator\">&#x25b8;<\/span><span class=\"x-acc-header-text\">Composici\u00f3n:<\/span><\/span><\/button><div id=\"panel-e1627-e28\" role=\"tabpanel\" aria-hidden=\"true\" aria-labelledby=\"tab-e1627-e28\" data-x-toggleable=\"e1627-e28\" data-x-toggle-collapse=\"1\" class=\"x-collapsed\"><div class=\"x-acc-content\"><div class=\"x-text x-content e1627-e29 m197-1i m197-1o m197-1p\">El acero inoxidable <strong>AISI 316L<\/strong> es una aleaci\u00f3n de bajo carbono que destaca por su excelente soldabilidad y resistencia a la corrosi\u00f3n. Enriquecido con molibdeno, este material ofrece una protecci\u00f3n superior contra la corrosi\u00f3n por cloruros y entornos \u00e1cidos. Por otro lado, el acero inoxidable <strong>AISI 904L<\/strong> es una superaleaci\u00f3n con altos niveles de n\u00edquel, cromo y molibdeno, proporcionando una resistencia excepcional en entornos altamente corrosivos, incluidos aquellos con \u00e1cido sulf\u00farico y fosf\u00f3rico.<\/div><\/div><\/div><\/div><div class=\"e1627-e30 x-acc-item\"><button id=\"tab-e1627-e30\" class=\"x-acc-header\" role=\"button\" type=\"button\" aria-expanded=\"false\" aria-controls=\"panel-e1627-e30\" data-x-toggle=\"collapse\" data-x-toggleable=\"e1627-e30\" data-x-toggle-group=\"e1627-e27\"><span class=\"x-acc-header-content\"><span class=\"x-acc-header-indicator\">&#x25b8;<\/span><span class=\"x-acc-header-text\">Resistencia y Durabilidad:<\/span><\/span><\/button><div id=\"panel-e1627-e30\" role=\"tabpanel\" aria-hidden=\"true\" aria-labelledby=\"tab-e1627-e30\" data-x-toggleable=\"e1627-e30\" data-x-toggle-collapse=\"1\" class=\"x-collapsed\"><div class=\"x-acc-content\"><div class=\"x-text x-content e1627-e31 m197-1i m197-1o m197-1p\">La elecci\u00f3n de estos aceros inoxidables para las placas de filtraci\u00f3n no es solo una cuesti\u00f3n de resistencia a la corrosi\u00f3n, sino tambi\u00e9n de durabilidad. El <strong>AISI 316L<\/strong>, con su estructura refinada, ofrece una excelente resistencia a la fatiga y al desgaste, mientras que el <strong>AISI 904L<\/strong>, con su composici\u00f3n qu\u00edmica optimizada, asegura una vida \u00fatil prolongada incluso bajo condiciones extremas de temperatura y presi\u00f3n.<\/div><\/div><\/div><\/div><div class=\"e1627-e32 x-acc-item\"><button id=\"tab-e1627-e32\" class=\"x-acc-header\" role=\"button\" type=\"button\" aria-expanded=\"false\" aria-controls=\"panel-e1627-e32\" data-x-toggle=\"collapse\" data-x-toggleable=\"e1627-e32\" data-x-toggle-group=\"e1627-e27\"><span class=\"x-acc-header-content\"><span class=\"x-acc-header-indicator\">&#x25b8;<\/span><span class=\"x-acc-header-text\">Resistencia a la Corrosi\u00f3n:<\/span><\/span><\/button><div id=\"panel-e1627-e32\" role=\"tabpanel\" aria-hidden=\"true\" aria-labelledby=\"tab-e1627-e32\" data-x-toggleable=\"e1627-e32\" data-x-toggle-collapse=\"1\" class=\"x-collapsed\"><div class=\"x-acc-content\"><div class=\"x-text x-content e1627-e33 m197-1i m197-1o m197-1p\">Ambos materiales fueron seleccionados espec\u00edficamente por sus propiedades excepcionales de resistencia a la corrosi\u00f3n. El <strong>AISI 316L<\/strong> resiste eficazmente a la corrosi\u00f3n por picaduras y fisuras, un atributo crucial para aplicaciones mar\u00edtimas y en procesamiento qu\u00edmico. El <strong>AISI 904L<\/strong>, a su vez, ofrece resistencia superior en entornos altamente oxidantes y reductores, lo que lo hace ideal para aplicaciones severas, donde la resistencia a la corrosi\u00f3n es cr\u00edtica.<\/div><\/div><\/div><\/div><div class=\"e1627-e34 x-acc-item\"><button id=\"tab-e1627-e34\" class=\"x-acc-header\" role=\"button\" type=\"button\" aria-expanded=\"false\" aria-controls=\"panel-e1627-e34\" data-x-toggle=\"collapse\" data-x-toggleable=\"e1627-e34\" data-x-toggle-group=\"e1627-e27\"><span class=\"x-acc-header-content\"><span class=\"x-acc-header-indicator\">&#x25b8;<\/span><span class=\"x-acc-header-text\">Aplicaciones:<\/span><\/span><\/button><div id=\"panel-e1627-e34\" role=\"tabpanel\" aria-hidden=\"true\" aria-labelledby=\"tab-e1627-e34\" data-x-toggleable=\"e1627-e34\" data-x-toggle-collapse=\"1\" class=\"x-collapsed\"><div class=\"x-acc-content\"><div class=\"x-text x-content e1627-e35 m197-1i m197-1o m197-1p\">Las placas de filtraci\u00f3n fabricadas con <strong>AISI 316L<\/strong> y <strong>AISI 904L<\/strong> son vers\u00e1tiles, cubriendo una amplia gama de aplicaciones industriales, desde la industria qu\u00edmica y petroqu\u00edmica hasta el tratamiento de agua y el sector alimenticio. La combinaci\u00f3n de estos materiales permite que nuestros productos se empleen en procesos que requieren la m\u00e1xima pureza e integridad.<\/div><\/div><\/div><\/div><div class=\"e1627-e36 x-acc-item\"><button id=\"tab-e1627-e36\" class=\"x-acc-header\" role=\"button\" type=\"button\" aria-expanded=\"false\" aria-controls=\"panel-e1627-e36\" data-x-toggle=\"collapse\" data-x-toggleable=\"e1627-e36\" data-x-toggle-group=\"e1627-e27\"><span class=\"x-acc-header-content\"><span class=\"x-acc-header-indicator\">&#x25b8;<\/span><span class=\"x-acc-header-text\">Fabricaci\u00f3n:<\/span><\/span><\/button><div id=\"panel-e1627-e36\" role=\"tabpanel\" aria-hidden=\"true\" aria-labelledby=\"tab-e1627-e36\" data-x-toggleable=\"e1627-e36\" data-x-toggle-collapse=\"1\" class=\"x-collapsed\"><div class=\"x-acc-content\"><div class=\"x-text x-content e1627-e37 m197-1i m197-1o m197-1p\">Utilizamos tecnolog\u00edas avanzadas de fabricaci\u00f3n y controles de proceso rigurosos para asegurar que cada placa de filtraci\u00f3n cumpla con los m\u00e1s altos est\u00e1ndares de calidad. La precisi\u00f3n en el corte, formaci\u00f3n y soldadura es esencial para maximizar la eficiencia y el rendimiento de nuestros sistemas de filtraci\u00f3n, garantizando que operen de manera \u00f3ptima en todas las condiciones.<\/div><\/div><\/div><\/div><div class=\"e1627-e38 x-acc-item\"><button id=\"tab-e1627-e38\" class=\"x-acc-header\" role=\"button\" type=\"button\" aria-expanded=\"false\" aria-controls=\"panel-e1627-e38\" data-x-toggle=\"collapse\" data-x-toggleable=\"e1627-e38\" data-x-toggle-group=\"e1627-e27\"><span class=\"x-acc-header-content\"><span class=\"x-acc-header-indicator\">&#x25b8;<\/span><span class=\"x-acc-header-text\">Est\u00e1ndares de Calidad:<\/span><\/span><\/button><div id=\"panel-e1627-e38\" role=\"tabpanel\" aria-hidden=\"true\" aria-labelledby=\"tab-e1627-e38\" data-x-toggleable=\"e1627-e38\" data-x-toggle-collapse=\"1\" class=\"x-collapsed\"><div class=\"x-acc-content\"><div class=\"x-text x-content e1627-e39 m197-1i m197-1o m197-1p\">Nuestro compromiso con la calidad se demuestra mediante el estricto cumplimiento de los est\u00e1ndares internacionales, incluyendo la ISO9001. Cada lote de material se somete a una serie de pruebas rigurosas, desde an\u00e1lisis qu\u00edmicos hasta ensayos de resistencia a la corrosi\u00f3n, para asegurar que nuestras placas de filtraci\u00f3n no solo cumplan, sino superen las expectativas de los clientes en t\u00e9rminos de rendimiento y confiabilidad.<\/div><\/div><\/div><\/div><\/div><\/div><div class=\"x-cell e1627-e40 m197-13 m197-14 m197-1a m197-1b m197-1c\"><div class=\"x-bg\" aria-hidden=\"true\"><div class=\"x-bg-layer-lower-image\"><\/div><\/div><\/div><div class=\"x-cell e1627-e41 m197-13 m197-14 m197-1a m197-1d m197-1e\"><div class=\"x-bg\" aria-hidden=\"true\"><div class=\"x-bg-layer-upper-image\"><\/div><\/div><\/div><\/div><\/div><div class=\"x-section e1627-e42 m197-0 m197-6 m197-7\"><div class=\"x-row e1627-e43 m197-b m197-c m197-g\"><div class=\"x-row-inner\"><div class=\"x-col e1627-e44 m197-h\"><a class=\"x-anchor x-anchor-button has-graphic has-int-content e1627-e45 m197-1v\" tabindex=\"0\" href=\"mailto:vendas@hollbras.com?subject=An\u00fancio Asaga\"><div class=\"x-anchor-content x-anchor-content-out-slide-top-in-scale-up\"><span class=\"x-graphic\" aria-hidden=\"true\"><i class=\"x-icon x-graphic-child x-graphic-icon x-graphic-primary\" aria-hidden=\"true\" data-x-icon-l=\"&#xf25a;\"><\/i><\/span><div class=\"x-anchor-text\"><span class=\"x-anchor-text-primary\">Tienes Pregruntas?<\/span><\/div><\/div><div class=\"x-anchor-content x-anchor-content-out-slide-top-in-scale-up is-int\"><span class=\"x-graphic\" aria-hidden=\"true\"><i class=\"x-icon x-graphic-child x-graphic-icon x-graphic-primary\" aria-hidden=\"true\" data-x-icon-l=\"&#xf672;\"><\/i><\/span><div class=\"x-anchor-text\"><div class=\"x-anchor-text-primary\">Tenemos Respuestas<\/div><div class=\"x-anchor-text-secondary\">Env\u00ede un Correo Electr\u00f3nico<\/div><\/div><\/div><\/a><\/div><\/div><\/div><\/div><div class=\"x-section e1627-e46 m197-0 m197-1 m197-6\"><div class=\"x-grid x-container max width e1627-e47 m197-v m197-x m197-z\"><div class=\"x-cell e1627-e48 m197-11 m197-13 m197-16 m197-18 m197-1f\"><div class=\"x-text x-text-headline e1627-e49 m197-k m197-m m197-q m197-s m197-u\"><div class=\"x-text-content\"><div class=\"x-text-content-text\"><h2 class=\"x-text-content-text-primary\">Tipos de mallas utilizadas en nuestras placas de filtraci&oacute;n:<\/h2>\n<\/div><\/div><\/div><div class=\"x-text x-content e1627-e50 m197-1i m197-1j m197-1n m197-1o\"><p>En la industria alimentaria, la selecci&oacute;n de la malla adecuada es crucial para garantizar la calidad y seguridad de los productos finales. Las mallas se clasifican seg&uacute;n la cantidad de aberturas por pulgada lineal, lo que influye directamente en la capacidad de filtraci&oacute;n y separaci&oacute;n de materiales.<\/p><\/div><div class=\"x-acc e1627-e51 m197-1t\" id=\"x-acc-e1627-e51\"><div class=\"e1627-e52 x-acc-item\"><button id=\"tab-e1627-e52\" class=\"x-acc-header\" role=\"button\" type=\"button\" aria-expanded=\"false\" aria-controls=\"panel-e1627-e52\" data-x-toggle=\"collapse\" data-x-toggleable=\"e1627-e52\" data-x-toggle-group=\"e1627-e51\"><span class=\"x-acc-header-content\"><span class=\"x-acc-header-indicator\">&#x25b8;<\/span><span class=\"x-acc-header-text\"><strong>HB 60<\/strong> (60 Mesh):<\/span><\/span><\/button><div id=\"panel-e1627-e52\" role=\"tabpanel\" aria-hidden=\"true\" aria-labelledby=\"tab-e1627-e52\" data-x-toggleable=\"e1627-e52\" data-x-toggle-collapse=\"1\" class=\"x-collapsed\"><div class=\"x-acc-content\"><div class=\"x-text x-content e1627-e53 m197-1i m197-1o m197-1p\"><p>Esta malla tiene una apertura de aproximadamente 250 micr&oacute;metros, ofreciendo una filtraci&oacute;n moderada. Es ideal para la separaci&oacute;n de part&iacute;culas de tama&ntilde;o medio, siendo com&uacute;n en aplicaciones como la clarificaci&oacute;n de l&iacute;quidos y la eliminaci&oacute;n de sedimentos en procesos de fabricaci&oacute;n de alimentos y bebidas.<\/p><\/div><\/div><\/div><\/div><div class=\"e1627-e54 x-acc-item\"><button id=\"tab-e1627-e54\" class=\"x-acc-header\" role=\"button\" type=\"button\" aria-expanded=\"false\" aria-controls=\"panel-e1627-e54\" data-x-toggle=\"collapse\" data-x-toggleable=\"e1627-e54\" data-x-toggle-group=\"e1627-e51\"><span class=\"x-acc-header-content\"><span class=\"x-acc-header-indicator\">&#x25b8;<\/span><span class=\"x-acc-header-text\"><strong>HB130<\/strong> (24x110 Mesh):<\/span><\/span><\/button><div id=\"panel-e1627-e54\" role=\"tabpanel\" aria-hidden=\"true\" aria-labelledby=\"tab-e1627-e54\" data-x-toggleable=\"e1627-e54\" data-x-toggle-collapse=\"1\" class=\"x-collapsed\"><div class=\"x-acc-content\"><div class=\"x-text x-content e1627-e55 m197-1i m197-1o m197-1p\"><p>Esta configuraci&oacute;n indica una malla tejida con 24 hilos por pulgada en la direcci&oacute;n de la urdimbre y 110 hilos por pulgada en la direcci&oacute;n de la trama, resultando en aberturas muy finas. Este tipo de malla se utiliza en procesos que requieren alta precisi&oacute;n en la filtraci&oacute;n, como en la eliminaci&oacute;n de part&iacute;culas muy finas o en la separaci&oacute;n de componentes de alto valor en procesos de purificaci&oacute;n.<\/p><\/div><\/div><\/div><\/div><div class=\"e1627-e56 x-acc-item\"><button id=\"tab-e1627-e56\" class=\"x-acc-header\" role=\"button\" type=\"button\" aria-expanded=\"false\" aria-controls=\"panel-e1627-e56\" data-x-toggle=\"collapse\" data-x-toggleable=\"e1627-e56\" data-x-toggle-group=\"e1627-e51\"><span class=\"x-acc-header-content\"><span class=\"x-acc-header-indicator\">&#x25b8;<\/span><span class=\"x-acc-header-text\"><strong>HB90<\/strong> (PZ80):<\/span><\/span><\/button><div id=\"panel-e1627-e56\" role=\"tabpanel\" aria-hidden=\"true\" aria-labelledby=\"tab-e1627-e56\" data-x-toggleable=\"e1627-e56\" data-x-toggle-collapse=\"1\" class=\"x-collapsed\"><div class=\"x-acc-content\"><div class=\"x-text x-content e1627-e57 m197-1i m197-1o m197-1p\"><p>Representa una malla de filtraci&oacute;n prensada, con una apertura nominal que proporciona una filtraci&oacute;n eficaz para aplicaciones que requieren la separaci&oacute;n de part&iacute;culas peque&ntilde;as a medianas. El dise&ntilde;o robusto de la malla PZ80 la hace adecuada para operaciones de alta presi&oacute;n, frecuentemente empleadas en la industria alimentaria para asegurar la eficiencia en el procesamiento de ingredientes.<\/p><\/div><\/div><\/div><\/div><div class=\"e1627-e58 x-acc-item\"><button id=\"tab-e1627-e58\" class=\"x-acc-header\" role=\"button\" type=\"button\" aria-expanded=\"false\" aria-controls=\"panel-e1627-e58\" data-x-toggle=\"collapse\" data-x-toggleable=\"e1627-e58\" data-x-toggle-group=\"e1627-e51\"><span class=\"x-acc-header-content\"><span class=\"x-acc-header-indicator\">&#x25b8;<\/span><span class=\"x-acc-header-text\"><strong>HB55<\/strong> (KPZ55):<\/span><\/span><\/button><div id=\"panel-e1627-e58\" role=\"tabpanel\" aria-hidden=\"true\" aria-labelledby=\"tab-e1627-e58\" data-x-toggleable=\"e1627-e58\" data-x-toggle-collapse=\"1\" class=\"x-collapsed\"><div class=\"x-acc-content\"><div class=\"x-text x-content e1627-e59 m197-1i m197-1o m197-1p\"><p>Esta es una variaci&oacute;n de malla prensada con especificaciones que la hacen ideal para aplicaciones que requieren un alto grado de precisi&oacute;n en la separaci&oacute;n de part&iacute;culas. La PZ55 est&aacute; dise&ntilde;ada para ofrecer una combinaci&oacute;n &oacute;ptima de resistencia y eficacia de filtraci&oacute;n, siendo frecuentemente elegida para procesos cr&iacute;ticos en la producci&oacute;n de alimentos, donde la calidad del filtrado es primordial.<\/p><\/div><\/div><\/div><\/div><div class=\"e1627-e60 x-acc-item\"><button id=\"tab-e1627-e60\" class=\"x-acc-header\" role=\"button\" type=\"button\" aria-expanded=\"false\" aria-controls=\"panel-e1627-e60\" data-x-toggle=\"collapse\" data-x-toggleable=\"e1627-e60\" data-x-toggle-group=\"e1627-e51\"><span class=\"x-acc-header-content\"><span class=\"x-acc-header-indicator\">&#x25b8;<\/span><span class=\"x-acc-header-text\"><strong>HB25<\/strong> (KPZ25):<\/span><\/span><\/button><div id=\"panel-e1627-e60\" role=\"tabpanel\" aria-hidden=\"true\" aria-labelledby=\"tab-e1627-e60\" data-x-toggleable=\"e1627-e60\" data-x-toggle-collapse=\"1\" class=\"x-collapsed\"><div class=\"x-acc-content\"><div class=\"x-text x-content e1627-e61 m197-1i m197-1o m197-1p\"><p>Con aberturas mayores comparadas con las mallas PZ80 y PZ55, la PZ25 se utiliza cuando se necesita un grado de filtraci&oacute;n menor pero con un flujo elevado. Esta malla es especialmente ventajosa en procesos de pre-filtraci&oacute;n o en aplicaciones donde las part&iacute;culas m&aacute;s grandes necesitan ser eliminadas sin obstruir el flujo del material procesado.<\/p><\/div><\/div><\/div><\/div><\/div><\/div><div class=\"x-cell e1627-e62 m197-13 m197-14 m197-1a m197-1e m197-1g\"><div class=\"x-bg\" aria-hidden=\"true\"><div class=\"x-bg-layer-upper-image\"><\/div><\/div><\/div><div class=\"x-cell e1627-e63 m197-13 m197-14 m197-1a m197-1c m197-1h\"><div class=\"x-bg\" aria-hidden=\"true\"><div class=\"x-bg-layer-lower-image\"><\/div><\/div><\/div><\/div><\/div><\/div>\n","protected":false},"excerpt":{"rendered":"<p>Revista Asaga &#8211; Edici&oacute;n 133 Placas Filtrantes: En Hollbras, combinamos innovacio\u0301n con versatilidad. Nuestras placas filtrantes representan la excelencia de la calidad y cuentan con nuestra tecnologi\u0301a Constant Flow. A trave\u0301s de la reduccio\u0301n de so\u0301lidos en el interior de los canales de drenaje esta tecnologi\u0301a maximiza su capacidad operativa y minimiza la necesidad de lavado de las placas. En li\u0301nea con nuestro compromiso con la sostenibilidad, hemos desarrollado un proceso de reforma de placas que nos ha convertido en los principales expertos en la Ame\u0301rica Latina. Este cuidadoso proceso nos permite garantizar que las placas reformadas tengan rendimiento ide\u0301ntico al de las placas nuevas. Sin embargo, lo ma\u0301s importante es que todas nuestras placas, ya sean nuevas o reformadas, &#8230; <\/p>\n<div><a href=\"http:\/\/hollbras.com.br\/es\/assaga-fevereiro-2024\/\" class=\"more-link\">Read More<\/a><\/div>\n","protected":false},"author":2,"featured_media":0,"parent":0,"menu_order":0,"comment_status":"closed","ping_status":"closed","template":"template-blank-4.php","meta":{"footnotes":""},"class_list":["post-1627","page","type-page","status-publish","hentry","no-post-thumbnail"],"_links":{"self":[{"href":"http:\/\/hollbras.com.br\/es\/wp-json\/wp\/v2\/pages\/1627","targetHints":{"allow":["GET"]}}],"collection":[{"href":"http:\/\/hollbras.com.br\/es\/wp-json\/wp\/v2\/pages"}],"about":[{"href":"http:\/\/hollbras.com.br\/es\/wp-json\/wp\/v2\/types\/page"}],"author":[{"embeddable":true,"href":"http:\/\/hollbras.com.br\/es\/wp-json\/wp\/v2\/users\/2"}],"replies":[{"embeddable":true,"href":"http:\/\/hollbras.com.br\/es\/wp-json\/wp\/v2\/comments?post=1627"}],"version-history":[{"count":0,"href":"http:\/\/hollbras.com.br\/es\/wp-json\/wp\/v2\/pages\/1627\/revisions"}],"wp:attachment":[{"href":"http:\/\/hollbras.com.br\/es\/wp-json\/wp\/v2\/media?parent=1627"}],"curies":[{"name":"wp","href":"https:\/\/api.w.org\/{rel}","templated":true}]}}